{"id":25232,"date":"2023-12-15T10:01:29","date_gmt":"2023-12-15T16:01:29","guid":{"rendered":"https:\/\/saprea.org\/?page_id=25232"},"modified":"2023-12-18T10:56:54","modified_gmt":"2023-12-18T16:56:54","slug":"aufklaeren","status":"publish","type":"page","link":"https:\/\/saprea.org\/de\/praevention\/aufklaeren\/","title":{"rendered":"Pr\u00e4ventions-Ressourcen: Aufkl\u00e4ren"},"content":{"rendered":"<div id=\"cs-content\" class=\"cs-content\"><\/div>\n","protected":false},"excerpt":{"rendered":"<p>Saprea &gt; Online- Ressourcen zur Pr\u00e4vention\u00a0&gt; Pr\u00e4ventions-Ressourcen: Aufkl\u00e4renPR\u00c4VENTIONS-RESSOURCEN:Aufkl\u00e4rungVersichere, dass du die vertrauensw\u00fcrdige Quelle deines Kindes bist, wenn es Fragen zu seinem K\u00f6rper, zu Sex und zu allem anderen hat, von dem du nicht willst, dass es diese Infos von jemandem anderen oder irgendwo anders erf\u00e4hrt.Der Gedanke, mit seinen Kindern \u00fcber das Thema Sex und Sexualit\u00e4t [&hellip;]<\/p>\n","protected":false},"author":2,"featured_media":22641,"parent":22953,"menu_order":0,"comment_status":"closed","ping_status":"closed","template":"","meta":{"footnotes":""},"class_list":["post-25232","page","type-page","status-publish","has-post-thumbnail","hentry"],"yoast_head":"<!-- This site is optimized with the Yoast SEO plugin v27.3 - https:\/\/yoast.com\/product\/yoast-seo-wordpress\/ -->\n<title>Pr\u00e4ventions-Ressourcen: Aufkl\u00e4ren | Saprea<\/title>\n<meta name=\"description\" content=\"Zur Pr\u00e4vention sollten Eltern ihre Kinder \u00fcber K\u00f6rper, Sex, Beziehungen, anatomische Bezeichnungen f\u00fcr K\u00f6rperteile und explizite Materialien aufkl\u00e4ren.\" \/>\n<meta name=\"robots\" content=\"index, follow, max-snippet:-1, max-image-preview:large, max-video-preview:-1\" \/>\n<link rel=\"canonical\" href=\"https:\/\/saprea.org\/de\/praevention\/aufklaeren\/\" \/>\n<meta property=\"og:locale\" content=\"de_DE\" \/>\n<meta property=\"og:type\" content=\"article\" \/>\n<meta property=\"og:title\" content=\"Pr\u00e4ventions-Ressourcen: Aufkl\u00e4ren | Saprea\" \/>\n<meta property=\"og:description\" content=\"Zur Pr\u00e4vention sollten Eltern ihre Kinder \u00fcber K\u00f6rper, Sex, Beziehungen, anatomische Bezeichnungen f\u00fcr K\u00f6rperteile und explizite Materialien aufkl\u00e4ren.\" \/>\n<meta property=\"og:url\" content=\"https:\/\/saprea.org\/de\/praevention\/aufklaeren\/\" \/>\n<meta property=\"og:site_name\" content=\"Saprea\" \/>\n<meta property=\"article:publisher\" content=\"https:\/\/facebook.com\/saprea.org\" \/>\n<meta property=\"article:modified_time\" content=\"2023-12-18T16:56:54+00:00\" \/>\n<meta property=\"og:image\" content=\"https:\/\/saprea.org\/wp-content\/uploads\/2023\/10\/Educate.jpg\" \/>\n\t<meta property=\"og:image:width\" content=\"1082\" \/>\n\t<meta property=\"og:image:height\" content=\"706\" \/>\n\t<meta property=\"og:image:type\" content=\"image\/jpeg\" \/>\n<meta name=\"twitter:card\" content=\"summary_large_image\" \/>\n<meta name=\"twitter:site\" content=\"@saprea_org\" \/>\n<script type=\"application\/ld+json\" class=\"yoast-schema-graph\">{\"@context\":\"https:\\\/\\\/schema.org\",\"@graph\":[{\"@type\":\"WebPage\",\"@id\":\"https:\\\/\\\/saprea.org\\\/de\\\/praevention\\\/aufklaeren\\\/\",\"url\":\"https:\\\/\\\/saprea.org\\\/de\\\/praevention\\\/aufklaeren\\\/\",\"name\":\"Pr\u00e4ventions-Ressourcen: Aufkl\u00e4ren | Saprea\",\"isPartOf\":{\"@id\":\"https:\\\/\\\/saprea.org\\\/de\\\/#website\"},\"primaryImageOfPage\":{\"@id\":\"https:\\\/\\\/saprea.org\\\/de\\\/praevention\\\/aufklaeren\\\/#primaryimage\"},\"image\":{\"@id\":\"https:\\\/\\\/saprea.org\\\/de\\\/praevention\\\/aufklaeren\\\/#primaryimage\"},\"thumbnailUrl\":\"https:\\\/\\\/saprea.org\\\/wp-content\\\/uploads\\\/2023\\\/10\\\/Educate.jpg\",\"datePublished\":\"2023-12-15T16:01:29+00:00\",\"dateModified\":\"2023-12-18T16:56:54+00:00\",\"description\":\"Zur Pr\u00e4vention sollten Eltern ihre Kinder \u00fcber K\u00f6rper, Sex, Beziehungen, anatomische Bezeichnungen f\u00fcr K\u00f6rperteile und explizite Materialien aufkl\u00e4ren.\",\"breadcrumb\":{\"@id\":\"https:\\\/\\\/saprea.org\\\/de\\\/praevention\\\/aufklaeren\\\/#breadcrumb\"},\"inLanguage\":\"de\",\"potentialAction\":[{\"@type\":\"ReadAction\",\"target\":[\"https:\\\/\\\/saprea.org\\\/de\\\/praevention\\\/aufklaeren\\\/\"]}]},{\"@type\":\"ImageObject\",\"inLanguage\":\"de\",\"@id\":\"https:\\\/\\\/saprea.org\\\/de\\\/praevention\\\/aufklaeren\\\/#primaryimage\",\"url\":\"https:\\\/\\\/saprea.org\\\/wp-content\\\/uploads\\\/2023\\\/10\\\/Educate.jpg\",\"contentUrl\":\"https:\\\/\\\/saprea.org\\\/wp-content\\\/uploads\\\/2023\\\/10\\\/Educate.jpg\",\"width\":1082,\"height\":706},{\"@type\":\"BreadcrumbList\",\"@id\":\"https:\\\/\\\/saprea.org\\\/de\\\/praevention\\\/aufklaeren\\\/#breadcrumb\",\"itemListElement\":[{\"@type\":\"ListItem\",\"position\":1,\"name\":\"Home\",\"item\":\"https:\\\/\\\/saprea.org\\\/de\\\/saprea-homepage\\\/\"},{\"@type\":\"ListItem\",\"position\":2,\"name\":\"Pr\u00e4vention zum Schutz vor sexuellem Kindesmissbrauch\",\"item\":\"https:\\\/\\\/saprea.org\\\/de\\\/praevention\\\/\"},{\"@type\":\"ListItem\",\"position\":3,\"name\":\"Pr\u00e4ventions-Ressourcen: Aufkl\u00e4ren\"}]},{\"@type\":\"WebSite\",\"@id\":\"https:\\\/\\\/saprea.org\\\/de\\\/#website\",\"url\":\"https:\\\/\\\/saprea.org\\\/de\\\/\",\"name\":\"Saprea\",\"description\":\"\",\"publisher\":{\"@id\":\"https:\\\/\\\/saprea.org\\\/de\\\/#organization\"},\"potentialAction\":[{\"@type\":\"SearchAction\",\"target\":{\"@type\":\"EntryPoint\",\"urlTemplate\":\"https:\\\/\\\/saprea.org\\\/de\\\/?s={search_term_string}\"},\"query-input\":{\"@type\":\"PropertyValueSpecification\",\"valueRequired\":true,\"valueName\":\"search_term_string\"}}],\"inLanguage\":\"de\"},{\"@type\":\"Organization\",\"@id\":\"https:\\\/\\\/saprea.org\\\/de\\\/#organization\",\"name\":\"Saprea\",\"url\":\"https:\\\/\\\/saprea.org\\\/de\\\/\",\"logo\":{\"@type\":\"ImageObject\",\"inLanguage\":\"de\",\"@id\":\"https:\\\/\\\/saprea.org\\\/de\\\/#\\\/schema\\\/logo\\\/image\\\/\",\"url\":\"https:\\\/\\\/saprea.org\\\/wp-content\\\/uploads\\\/2021\\\/12\\\/Vector-7-1.png\",\"contentUrl\":\"https:\\\/\\\/saprea.org\\\/wp-content\\\/uploads\\\/2021\\\/12\\\/Vector-7-1.png\",\"width\":106,\"height\":105,\"caption\":\"Saprea\"},\"image\":{\"@id\":\"https:\\\/\\\/saprea.org\\\/de\\\/#\\\/schema\\\/logo\\\/image\\\/\"},\"sameAs\":[\"https:\\\/\\\/facebook.com\\\/saprea.org\",\"https:\\\/\\\/x.com\\\/saprea_org\",\"https:\\\/\\\/instagram.com\\\/youniquefoundation\",\"https:\\\/\\\/pinterest.com\\\/saprea_org\",\"https:\\\/\\\/youtube.com\\\/c\\\/saprea_org\"]}]}<\/script>\n<!-- \/ Yoast SEO plugin. -->","yoast_head_json":{"title":"Pr\u00e4ventions-Ressourcen: Aufkl\u00e4ren | Saprea","description":"Zur Pr\u00e4vention sollten Eltern ihre Kinder \u00fcber K\u00f6rper, Sex, Beziehungen, anatomische Bezeichnungen f\u00fcr K\u00f6rperteile und explizite Materialien aufkl\u00e4ren.","robots":{"index":"index","follow":"follow","max-snippet":"max-snippet:-1","max-image-preview":"max-image-preview:large","max-video-preview":"max-video-preview:-1"},"canonical":"https:\/\/saprea.org\/de\/praevention\/aufklaeren\/","og_locale":"de_DE","og_type":"article","og_title":"Pr\u00e4ventions-Ressourcen: Aufkl\u00e4ren | Saprea","og_description":"Zur Pr\u00e4vention sollten Eltern ihre Kinder \u00fcber K\u00f6rper, Sex, Beziehungen, anatomische Bezeichnungen f\u00fcr K\u00f6rperteile und explizite Materialien aufkl\u00e4ren.","og_url":"https:\/\/saprea.org\/de\/praevention\/aufklaeren\/","og_site_name":"Saprea","article_publisher":"https:\/\/facebook.com\/saprea.org","article_modified_time":"2023-12-18T16:56:54+00:00","og_image":[{"width":1082,"height":706,"url":"https:\/\/saprea.org\/wp-content\/uploads\/2023\/10\/Educate.jpg","type":"image\/jpeg"}],"twitter_card":"summary_large_image","twitter_site":"@saprea_org","schema":{"@context":"https:\/\/schema.org","@graph":[{"@type":"WebPage","@id":"https:\/\/saprea.org\/de\/praevention\/aufklaeren\/","url":"https:\/\/saprea.org\/de\/praevention\/aufklaeren\/","name":"Pr\u00e4ventions-Ressourcen: Aufkl\u00e4ren | Saprea","isPartOf":{"@id":"https:\/\/saprea.org\/de\/#website"},"primaryImageOfPage":{"@id":"https:\/\/saprea.org\/de\/praevention\/aufklaeren\/#primaryimage"},"image":{"@id":"https:\/\/saprea.org\/de\/praevention\/aufklaeren\/#primaryimage"},"thumbnailUrl":"https:\/\/saprea.org\/wp-content\/uploads\/2023\/10\/Educate.jpg","datePublished":"2023-12-15T16:01:29+00:00","dateModified":"2023-12-18T16:56:54+00:00","description":"Zur Pr\u00e4vention sollten Eltern ihre Kinder \u00fcber K\u00f6rper, Sex, Beziehungen, anatomische Bezeichnungen f\u00fcr K\u00f6rperteile und explizite Materialien aufkl\u00e4ren.","breadcrumb":{"@id":"https:\/\/saprea.org\/de\/praevention\/aufklaeren\/#breadcrumb"},"inLanguage":"de","potentialAction":[{"@type":"ReadAction","target":["https:\/\/saprea.org\/de\/praevention\/aufklaeren\/"]}]},{"@type":"ImageObject","inLanguage":"de","@id":"https:\/\/saprea.org\/de\/praevention\/aufklaeren\/#primaryimage","url":"https:\/\/saprea.org\/wp-content\/uploads\/2023\/10\/Educate.jpg","contentUrl":"https:\/\/saprea.org\/wp-content\/uploads\/2023\/10\/Educate.jpg","width":1082,"height":706},{"@type":"BreadcrumbList","@id":"https:\/\/saprea.org\/de\/praevention\/aufklaeren\/#breadcrumb","itemListElement":[{"@type":"ListItem","position":1,"name":"Home","item":"https:\/\/saprea.org\/de\/saprea-homepage\/"},{"@type":"ListItem","position":2,"name":"Pr\u00e4vention zum Schutz vor sexuellem Kindesmissbrauch","item":"https:\/\/saprea.org\/de\/praevention\/"},{"@type":"ListItem","position":3,"name":"Pr\u00e4ventions-Ressourcen: Aufkl\u00e4ren"}]},{"@type":"WebSite","@id":"https:\/\/saprea.org\/de\/#website","url":"https:\/\/saprea.org\/de\/","name":"Saprea","description":"","publisher":{"@id":"https:\/\/saprea.org\/de\/#organization"},"potentialAction":[{"@type":"SearchAction","target":{"@type":"EntryPoint","urlTemplate":"https:\/\/saprea.org\/de\/?s={search_term_string}"},"query-input":{"@type":"PropertyValueSpecification","valueRequired":true,"valueName":"search_term_string"}}],"inLanguage":"de"},{"@type":"Organization","@id":"https:\/\/saprea.org\/de\/#organization","name":"Saprea","url":"https:\/\/saprea.org\/de\/","logo":{"@type":"ImageObject","inLanguage":"de","@id":"https:\/\/saprea.org\/de\/#\/schema\/logo\/image\/","url":"https:\/\/saprea.org\/wp-content\/uploads\/2021\/12\/Vector-7-1.png","contentUrl":"https:\/\/saprea.org\/wp-content\/uploads\/2021\/12\/Vector-7-1.png","width":106,"height":105,"caption":"Saprea"},"image":{"@id":"https:\/\/saprea.org\/de\/#\/schema\/logo\/image\/"},"sameAs":["https:\/\/facebook.com\/saprea.org","https:\/\/x.com\/saprea_org","https:\/\/instagram.com\/youniquefoundation","https:\/\/pinterest.com\/saprea_org","https:\/\/youtube.com\/c\/saprea_org"]}]}},"_links":{"self":[{"href":"https:\/\/saprea.org\/de\/wp-json\/wp\/v2\/pages\/25232","targetHints":{"allow":["GET"]}}],"collection":[{"href":"https:\/\/saprea.org\/de\/wp-json\/wp\/v2\/pages"}],"about":[{"href":"https:\/\/saprea.org\/de\/wp-json\/wp\/v2\/types\/page"}],"author":[{"embeddable":true,"href":"https:\/\/saprea.org\/de\/wp-json\/wp\/v2\/users\/2"}],"replies":[{"embeddable":true,"href":"https:\/\/saprea.org\/de\/wp-json\/wp\/v2\/comments?post=25232"}],"version-history":[{"count":0,"href":"https:\/\/saprea.org\/de\/wp-json\/wp\/v2\/pages\/25232\/revisions"}],"up":[{"embeddable":true,"href":"https:\/\/saprea.org\/de\/wp-json\/wp\/v2\/pages\/22953"}],"wp:featuredmedia":[{"embeddable":true,"href":"https:\/\/saprea.org\/de\/wp-json\/wp\/v2\/media\/22641"}],"wp:attachment":[{"href":"https:\/\/saprea.org\/de\/wp-json\/wp\/v2\/media?parent=25232"}],"curies":[{"name":"wp","href":"https:\/\/api.w.org\/{rel}","templated":true}]}}