{"id":22197,"date":"2024-08-19T11:06:35","date_gmt":"2024-08-19T17:06:35","guid":{"rendered":"http:\/\/54.188.8.157\/?page_id=22197"},"modified":"2025-10-07T09:23:41","modified_gmt":"2025-10-07T15:23:41","slug":"erlebnisberichte","status":"publish","type":"page","link":"https:\/\/saprea.org\/de\/erlebnisberichte\/","title":{"rendered":"Erlebnisberichte von Betroffenen"},"content":{"rendered":"<div id=\"cs-content\" class=\"cs-content\"><\/div>\n","protected":false},"excerpt":{"rendered":"<p>Erfahrungsberichte von Betroffenen Bei Saprea sind wir fest davon \u00fcberzeugt, dass der Aufbau einer starken Gemeinschaft von Betroffenen ein wichtiger Weg ist, um Hoffnung zu wecken und das Heilen zu f\u00f6rdern. Du bist nicht allein auf diesem Weg und Heilung ist m\u00f6glich. Saprea l\u00e4dt Betroffene ein, ihre Geschichte mit uns zu teilen und dazu beizutragen, [&hellip;]<\/p>\n","protected":false},"author":2,"featured_media":22409,"parent":0,"menu_order":0,"comment_status":"closed","ping_status":"closed","template":"","meta":{"footnotes":""},"class_list":["post-22197","page","type-page","status-publish","has-post-thumbnail","hentry"],"yoast_head":"<!-- This site is optimized with the Yoast SEO plugin v27.3 - https:\/\/yoast.com\/product\/yoast-seo-wordpress\/ -->\n<title>Erlebnisberichte von Betroffenen sexuellen Missbrauchs<\/title>\n<meta name=\"description\" content=\"Betroffene berichten, wie sie Opfer von sexuellem Missbrauch, Vergewaltigung, Inzest, \u00dcbergriffen, T\u00e4terstrategien und mehr wurden.\" \/>\n<meta name=\"robots\" content=\"index, follow, max-snippet:-1, max-image-preview:large, max-video-preview:-1\" \/>\n<link rel=\"canonical\" href=\"https:\/\/saprea.org\/de\/erlebnisberichte\/\" \/>\n<meta property=\"og:locale\" content=\"de_DE\" \/>\n<meta property=\"og:type\" content=\"article\" \/>\n<meta property=\"og:title\" content=\"Erlebnisberichte von Betroffenen sexuellen Missbrauchs\" \/>\n<meta property=\"og:description\" content=\"Betroffene berichten, wie sie Opfer von sexuellem Missbrauch, Vergewaltigung, Inzest, \u00dcbergriffen, T\u00e4terstrategien und mehr wurden.\" \/>\n<meta property=\"og:url\" content=\"https:\/\/saprea.org\/de\/erlebnisberichte\/\" \/>\n<meta property=\"og:site_name\" content=\"Saprea\" \/>\n<meta property=\"article:publisher\" content=\"https:\/\/facebook.com\/saprea.org\" \/>\n<meta property=\"article:modified_time\" content=\"2025-10-07T15:23:41+00:00\" \/>\n<meta property=\"og:image\" content=\"https:\/\/saprea.org\/wp-content\/uploads\/2023\/10\/Survivor-Stories_Hero.jpg\" \/>\n\t<meta property=\"og:image:width\" content=\"1350\" \/>\n\t<meta property=\"og:image:height\" content=\"1000\" \/>\n\t<meta property=\"og:image:type\" content=\"image\/jpeg\" \/>\n<meta name=\"twitter:card\" content=\"summary_large_image\" \/>\n<meta name=\"twitter:site\" content=\"@saprea_org\" \/>\n<script type=\"application\/ld+json\" class=\"yoast-schema-graph\">{\"@context\":\"https:\\\/\\\/schema.org\",\"@graph\":[{\"@type\":\"WebPage\",\"@id\":\"https:\\\/\\\/saprea.org\\\/de\\\/erlebnisberichte\\\/\",\"url\":\"https:\\\/\\\/saprea.org\\\/de\\\/erlebnisberichte\\\/\",\"name\":\"Erlebnisberichte von Betroffenen sexuellen Missbrauchs\",\"isPartOf\":{\"@id\":\"https:\\\/\\\/saprea.org\\\/de\\\/#website\"},\"primaryImageOfPage\":{\"@id\":\"https:\\\/\\\/saprea.org\\\/de\\\/erlebnisberichte\\\/#primaryimage\"},\"image\":{\"@id\":\"https:\\\/\\\/saprea.org\\\/de\\\/erlebnisberichte\\\/#primaryimage\"},\"thumbnailUrl\":\"https:\\\/\\\/saprea.org\\\/wp-content\\\/uploads\\\/2023\\\/10\\\/Survivor-Stories_Hero.jpg\",\"datePublished\":\"2024-08-19T17:06:35+00:00\",\"dateModified\":\"2025-10-07T15:23:41+00:00\",\"description\":\"Betroffene berichten, wie sie Opfer von sexuellem Missbrauch, Vergewaltigung, Inzest, \u00dcbergriffen, T\u00e4terstrategien und mehr wurden.\",\"breadcrumb\":{\"@id\":\"https:\\\/\\\/saprea.org\\\/de\\\/erlebnisberichte\\\/#breadcrumb\"},\"inLanguage\":\"de\",\"potentialAction\":[{\"@type\":\"ReadAction\",\"target\":[\"https:\\\/\\\/saprea.org\\\/de\\\/erlebnisberichte\\\/\"]}]},{\"@type\":\"ImageObject\",\"inLanguage\":\"de\",\"@id\":\"https:\\\/\\\/saprea.org\\\/de\\\/erlebnisberichte\\\/#primaryimage\",\"url\":\"https:\\\/\\\/saprea.org\\\/wp-content\\\/uploads\\\/2023\\\/10\\\/Survivor-Stories_Hero.jpg\",\"contentUrl\":\"https:\\\/\\\/saprea.org\\\/wp-content\\\/uploads\\\/2023\\\/10\\\/Survivor-Stories_Hero.jpg\",\"width\":1350,\"height\":1000,\"caption\":\"Woman with light, gray hair outside smiling\"},{\"@type\":\"BreadcrumbList\",\"@id\":\"https:\\\/\\\/saprea.org\\\/de\\\/erlebnisberichte\\\/#breadcrumb\",\"itemListElement\":[{\"@type\":\"ListItem\",\"position\":1,\"name\":\"Home\",\"item\":\"https:\\\/\\\/saprea.org\\\/de\\\/saprea-homepage\\\/\"},{\"@type\":\"ListItem\",\"position\":2,\"name\":\"Erlebnisberichte von Betroffenen\"}]},{\"@type\":\"WebSite\",\"@id\":\"https:\\\/\\\/saprea.org\\\/de\\\/#website\",\"url\":\"https:\\\/\\\/saprea.org\\\/de\\\/\",\"name\":\"Saprea\",\"description\":\"\",\"publisher\":{\"@id\":\"https:\\\/\\\/saprea.org\\\/de\\\/#organization\"},\"potentialAction\":[{\"@type\":\"SearchAction\",\"target\":{\"@type\":\"EntryPoint\",\"urlTemplate\":\"https:\\\/\\\/saprea.org\\\/de\\\/?s={search_term_string}\"},\"query-input\":{\"@type\":\"PropertyValueSpecification\",\"valueRequired\":true,\"valueName\":\"search_term_string\"}}],\"inLanguage\":\"de\"},{\"@type\":\"Organization\",\"@id\":\"https:\\\/\\\/saprea.org\\\/de\\\/#organization\",\"name\":\"Saprea\",\"url\":\"https:\\\/\\\/saprea.org\\\/de\\\/\",\"logo\":{\"@type\":\"ImageObject\",\"inLanguage\":\"de\",\"@id\":\"https:\\\/\\\/saprea.org\\\/de\\\/#\\\/schema\\\/logo\\\/image\\\/\",\"url\":\"https:\\\/\\\/saprea.org\\\/wp-content\\\/uploads\\\/2021\\\/12\\\/Vector-7-1.png\",\"contentUrl\":\"https:\\\/\\\/saprea.org\\\/wp-content\\\/uploads\\\/2021\\\/12\\\/Vector-7-1.png\",\"width\":106,\"height\":105,\"caption\":\"Saprea\"},\"image\":{\"@id\":\"https:\\\/\\\/saprea.org\\\/de\\\/#\\\/schema\\\/logo\\\/image\\\/\"},\"sameAs\":[\"https:\\\/\\\/facebook.com\\\/saprea.org\",\"https:\\\/\\\/x.com\\\/saprea_org\",\"https:\\\/\\\/instagram.com\\\/youniquefoundation\",\"https:\\\/\\\/pinterest.com\\\/saprea_org\",\"https:\\\/\\\/youtube.com\\\/c\\\/saprea_org\"]}]}<\/script>\n<!-- \/ Yoast SEO plugin. -->","yoast_head_json":{"title":"Erlebnisberichte von Betroffenen sexuellen Missbrauchs","description":"Betroffene berichten, wie sie Opfer von sexuellem Missbrauch, Vergewaltigung, Inzest, \u00dcbergriffen, T\u00e4terstrategien und mehr wurden.","robots":{"index":"index","follow":"follow","max-snippet":"max-snippet:-1","max-image-preview":"max-image-preview:large","max-video-preview":"max-video-preview:-1"},"canonical":"https:\/\/saprea.org\/de\/erlebnisberichte\/","og_locale":"de_DE","og_type":"article","og_title":"Erlebnisberichte von Betroffenen sexuellen Missbrauchs","og_description":"Betroffene berichten, wie sie Opfer von sexuellem Missbrauch, Vergewaltigung, Inzest, \u00dcbergriffen, T\u00e4terstrategien und mehr wurden.","og_url":"https:\/\/saprea.org\/de\/erlebnisberichte\/","og_site_name":"Saprea","article_publisher":"https:\/\/facebook.com\/saprea.org","article_modified_time":"2025-10-07T15:23:41+00:00","og_image":[{"width":1350,"height":1000,"url":"https:\/\/saprea.org\/wp-content\/uploads\/2023\/10\/Survivor-Stories_Hero.jpg","type":"image\/jpeg"}],"twitter_card":"summary_large_image","twitter_site":"@saprea_org","schema":{"@context":"https:\/\/schema.org","@graph":[{"@type":"WebPage","@id":"https:\/\/saprea.org\/de\/erlebnisberichte\/","url":"https:\/\/saprea.org\/de\/erlebnisberichte\/","name":"Erlebnisberichte von Betroffenen sexuellen Missbrauchs","isPartOf":{"@id":"https:\/\/saprea.org\/de\/#website"},"primaryImageOfPage":{"@id":"https:\/\/saprea.org\/de\/erlebnisberichte\/#primaryimage"},"image":{"@id":"https:\/\/saprea.org\/de\/erlebnisberichte\/#primaryimage"},"thumbnailUrl":"https:\/\/saprea.org\/wp-content\/uploads\/2023\/10\/Survivor-Stories_Hero.jpg","datePublished":"2024-08-19T17:06:35+00:00","dateModified":"2025-10-07T15:23:41+00:00","description":"Betroffene berichten, wie sie Opfer von sexuellem Missbrauch, Vergewaltigung, Inzest, \u00dcbergriffen, T\u00e4terstrategien und mehr wurden.","breadcrumb":{"@id":"https:\/\/saprea.org\/de\/erlebnisberichte\/#breadcrumb"},"inLanguage":"de","potentialAction":[{"@type":"ReadAction","target":["https:\/\/saprea.org\/de\/erlebnisberichte\/"]}]},{"@type":"ImageObject","inLanguage":"de","@id":"https:\/\/saprea.org\/de\/erlebnisberichte\/#primaryimage","url":"https:\/\/saprea.org\/wp-content\/uploads\/2023\/10\/Survivor-Stories_Hero.jpg","contentUrl":"https:\/\/saprea.org\/wp-content\/uploads\/2023\/10\/Survivor-Stories_Hero.jpg","width":1350,"height":1000,"caption":"Woman with light, gray hair outside smiling"},{"@type":"BreadcrumbList","@id":"https:\/\/saprea.org\/de\/erlebnisberichte\/#breadcrumb","itemListElement":[{"@type":"ListItem","position":1,"name":"Home","item":"https:\/\/saprea.org\/de\/saprea-homepage\/"},{"@type":"ListItem","position":2,"name":"Erlebnisberichte von Betroffenen"}]},{"@type":"WebSite","@id":"https:\/\/saprea.org\/de\/#website","url":"https:\/\/saprea.org\/de\/","name":"Saprea","description":"","publisher":{"@id":"https:\/\/saprea.org\/de\/#organization"},"potentialAction":[{"@type":"SearchAction","target":{"@type":"EntryPoint","urlTemplate":"https:\/\/saprea.org\/de\/?s={search_term_string}"},"query-input":{"@type":"PropertyValueSpecification","valueRequired":true,"valueName":"search_term_string"}}],"inLanguage":"de"},{"@type":"Organization","@id":"https:\/\/saprea.org\/de\/#organization","name":"Saprea","url":"https:\/\/saprea.org\/de\/","logo":{"@type":"ImageObject","inLanguage":"de","@id":"https:\/\/saprea.org\/de\/#\/schema\/logo\/image\/","url":"https:\/\/saprea.org\/wp-content\/uploads\/2021\/12\/Vector-7-1.png","contentUrl":"https:\/\/saprea.org\/wp-content\/uploads\/2021\/12\/Vector-7-1.png","width":106,"height":105,"caption":"Saprea"},"image":{"@id":"https:\/\/saprea.org\/de\/#\/schema\/logo\/image\/"},"sameAs":["https:\/\/facebook.com\/saprea.org","https:\/\/x.com\/saprea_org","https:\/\/instagram.com\/youniquefoundation","https:\/\/pinterest.com\/saprea_org","https:\/\/youtube.com\/c\/saprea_org"]}]}},"_links":{"self":[{"href":"https:\/\/saprea.org\/de\/wp-json\/wp\/v2\/pages\/22197","targetHints":{"allow":["GET"]}}],"collection":[{"href":"https:\/\/saprea.org\/de\/wp-json\/wp\/v2\/pages"}],"about":[{"href":"https:\/\/saprea.org\/de\/wp-json\/wp\/v2\/types\/page"}],"author":[{"embeddable":true,"href":"https:\/\/saprea.org\/de\/wp-json\/wp\/v2\/users\/2"}],"replies":[{"embeddable":true,"href":"https:\/\/saprea.org\/de\/wp-json\/wp\/v2\/comments?post=22197"}],"version-history":[{"count":0,"href":"https:\/\/saprea.org\/de\/wp-json\/wp\/v2\/pages\/22197\/revisions"}],"wp:featuredmedia":[{"embeddable":true,"href":"https:\/\/saprea.org\/de\/wp-json\/wp\/v2\/media\/22409"}],"wp:attachment":[{"href":"https:\/\/saprea.org\/de\/wp-json\/wp\/v2\/media?parent=22197"}],"curies":[{"name":"wp","href":"https:\/\/api.w.org\/{rel}","templated":true}]}}