{"id":15171,"date":"2023-09-15T07:34:52","date_gmt":"2023-09-15T13:34:52","guid":{"rendered":"http:\/\/54.188.8.157\/?page_id=15171"},"modified":"2023-10-04T13:23:37","modified_gmt":"2023-10-04T19:23:37","slug":"scham-sexueller-kindesmissbrauch","status":"publish","type":"page","link":"https:\/\/saprea.org\/de\/heilen\/scham-sexueller-kindesmissbrauch\/","title":{"rendered":"Scham und sexueller Kindesmissbrauch"},"content":{"rendered":"<div id=\"cs-content\" class=\"cs-content\"><\/div>\n","protected":false},"excerpt":{"rendered":"<p>Saprea &gt; Online-Ressourcen zum Heilen\u00a0&gt; Scham und sexueller KindesmissbrauchDIE AUSWIRKUNGEN SEXUELLEN KINDESMISSBRAUCHS: Scham und sexueller KindesmissbrauchWie unterscheidet sich Scham von Schuld?Warum empfinden wir Scham?Was ist der Zusammenhang?Warum empfinde ich im Erwachsenenalter immer noch Scham?Wie kann sich die Scham auf mein Leben auswirken? Kann ich die Schamgef\u00fchle lindern, die ich empfinde? Was ist Scham?Scham ist eine [&hellip;]<\/p>\n","protected":false},"author":3,"featured_media":11859,"parent":13051,"menu_order":0,"comment_status":"closed","ping_status":"closed","template":"","meta":{"footnotes":""},"class_list":["post-15171","page","type-page","status-publish","has-post-thumbnail","hentry"],"yoast_head":"<!-- This site is optimized with the Yoast SEO plugin v27.3 - https:\/\/yoast.com\/product\/yoast-seo-wordpress\/ -->\n<title>Scham und sexueller Kindesmissbrauch | Saprea<\/title>\n<meta name=\"description\" content=\"Scham ist ein schmerzhaftes Gef\u00fchl, das Betroffene von sexuellem Kindesmissbrauch empfinden k\u00f6nnen. Scham ist mit Gef\u00fchlen der Wertlosigkeit und des Versagens verbunden.\" \/>\n<meta name=\"robots\" content=\"index, follow, max-snippet:-1, max-image-preview:large, max-video-preview:-1\" \/>\n<link rel=\"canonical\" href=\"https:\/\/saprea.org\/de\/heilen\/scham-sexueller-kindesmissbrauch\/\" \/>\n<meta property=\"og:locale\" content=\"de_DE\" \/>\n<meta property=\"og:type\" content=\"article\" \/>\n<meta property=\"og:title\" content=\"Scham und sexueller Kindesmissbrauch | Saprea\" \/>\n<meta property=\"og:description\" content=\"Scham ist ein schmerzhaftes Gef\u00fchl, das Betroffene von sexuellem Kindesmissbrauch empfinden k\u00f6nnen. Scham ist mit Gef\u00fchlen der Wertlosigkeit und des Versagens verbunden.\" \/>\n<meta property=\"og:url\" content=\"https:\/\/saprea.org\/de\/heilen\/scham-sexueller-kindesmissbrauch\/\" \/>\n<meta property=\"og:site_name\" content=\"Saprea\" \/>\n<meta property=\"article:publisher\" content=\"https:\/\/facebook.com\/saprea.org\" \/>\n<meta property=\"article:modified_time\" content=\"2023-10-04T19:23:37+00:00\" \/>\n<meta property=\"og:image\" content=\"https:\/\/saprea.org\/wp-content\/uploads\/2023\/07\/TYF_Effects_ShameAndChildSexualAbuse.jpg\" \/>\n\t<meta property=\"og:image:width\" content=\"1600\" \/>\n\t<meta property=\"og:image:height\" content=\"900\" \/>\n\t<meta property=\"og:image:type\" content=\"image\/jpeg\" \/>\n<meta name=\"twitter:card\" content=\"summary_large_image\" \/>\n<meta name=\"twitter:site\" content=\"@saprea_org\" \/>\n<meta name=\"twitter:label1\" content=\"Gesch\u00e4tzte Lesezeit\" \/>\n\t<meta name=\"twitter:data1\" content=\"15\u00a0Minuten\" \/>\n<script type=\"application\/ld+json\" class=\"yoast-schema-graph\">{\"@context\":\"https:\\\/\\\/schema.org\",\"@graph\":[{\"@type\":\"WebPage\",\"@id\":\"https:\\\/\\\/saprea.org\\\/de\\\/heilen\\\/scham-sexueller-kindesmissbrauch\\\/\",\"url\":\"https:\\\/\\\/saprea.org\\\/de\\\/heilen\\\/scham-sexueller-kindesmissbrauch\\\/\",\"name\":\"Scham und sexueller Kindesmissbrauch | Saprea\",\"isPartOf\":{\"@id\":\"https:\\\/\\\/saprea.org\\\/de\\\/#website\"},\"primaryImageOfPage\":{\"@id\":\"https:\\\/\\\/saprea.org\\\/de\\\/heilen\\\/scham-sexueller-kindesmissbrauch\\\/#primaryimage\"},\"image\":{\"@id\":\"https:\\\/\\\/saprea.org\\\/de\\\/heilen\\\/scham-sexueller-kindesmissbrauch\\\/#primaryimage\"},\"thumbnailUrl\":\"https:\\\/\\\/saprea.org\\\/wp-content\\\/uploads\\\/2023\\\/07\\\/TYF_Effects_ShameAndChildSexualAbuse.jpg\",\"datePublished\":\"2023-09-15T13:34:52+00:00\",\"dateModified\":\"2023-10-04T19:23:37+00:00\",\"description\":\"Scham ist ein schmerzhaftes Gef\u00fchl, das Betroffene von sexuellem Kindesmissbrauch empfinden k\u00f6nnen. Scham ist mit Gef\u00fchlen der Wertlosigkeit und des Versagens verbunden.\",\"breadcrumb\":{\"@id\":\"https:\\\/\\\/saprea.org\\\/de\\\/heilen\\\/scham-sexueller-kindesmissbrauch\\\/#breadcrumb\"},\"inLanguage\":\"de\",\"potentialAction\":[{\"@type\":\"ReadAction\",\"target\":[\"https:\\\/\\\/saprea.org\\\/de\\\/heilen\\\/scham-sexueller-kindesmissbrauch\\\/\"]}]},{\"@type\":\"ImageObject\",\"inLanguage\":\"de\",\"@id\":\"https:\\\/\\\/saprea.org\\\/de\\\/heilen\\\/scham-sexueller-kindesmissbrauch\\\/#primaryimage\",\"url\":\"https:\\\/\\\/saprea.org\\\/wp-content\\\/uploads\\\/2023\\\/07\\\/TYF_Effects_ShameAndChildSexualAbuse.jpg\",\"contentUrl\":\"https:\\\/\\\/saprea.org\\\/wp-content\\\/uploads\\\/2023\\\/07\\\/TYF_Effects_ShameAndChildSexualAbuse.jpg\",\"width\":1600,\"height\":900,\"caption\":\"Upset mixed race woman sitting alone in cafe, avoiding people.\"},{\"@type\":\"BreadcrumbList\",\"@id\":\"https:\\\/\\\/saprea.org\\\/de\\\/heilen\\\/scham-sexueller-kindesmissbrauch\\\/#breadcrumb\",\"itemListElement\":[{\"@type\":\"ListItem\",\"position\":1,\"name\":\"Home\",\"item\":\"https:\\\/\\\/saprea.org\\\/de\\\/saprea-homepage\\\/\"},{\"@type\":\"ListItem\",\"position\":2,\"name\":\"Die Bew\u00e4ltigung von sexuellem Kindesmissbrauch\",\"item\":\"https:\\\/\\\/saprea.org\\\/de\\\/heilen\\\/\"},{\"@type\":\"ListItem\",\"position\":3,\"name\":\"Scham und sexueller Kindesmissbrauch\"}]},{\"@type\":\"WebSite\",\"@id\":\"https:\\\/\\\/saprea.org\\\/de\\\/#website\",\"url\":\"https:\\\/\\\/saprea.org\\\/de\\\/\",\"name\":\"Saprea\",\"description\":\"\",\"publisher\":{\"@id\":\"https:\\\/\\\/saprea.org\\\/de\\\/#organization\"},\"potentialAction\":[{\"@type\":\"SearchAction\",\"target\":{\"@type\":\"EntryPoint\",\"urlTemplate\":\"https:\\\/\\\/saprea.org\\\/de\\\/?s={search_term_string}\"},\"query-input\":{\"@type\":\"PropertyValueSpecification\",\"valueRequired\":true,\"valueName\":\"search_term_string\"}}],\"inLanguage\":\"de\"},{\"@type\":\"Organization\",\"@id\":\"https:\\\/\\\/saprea.org\\\/de\\\/#organization\",\"name\":\"Saprea\",\"url\":\"https:\\\/\\\/saprea.org\\\/de\\\/\",\"logo\":{\"@type\":\"ImageObject\",\"inLanguage\":\"de\",\"@id\":\"https:\\\/\\\/saprea.org\\\/de\\\/#\\\/schema\\\/logo\\\/image\\\/\",\"url\":\"https:\\\/\\\/saprea.org\\\/wp-content\\\/uploads\\\/2021\\\/12\\\/Vector-7-1.png\",\"contentUrl\":\"https:\\\/\\\/saprea.org\\\/wp-content\\\/uploads\\\/2021\\\/12\\\/Vector-7-1.png\",\"width\":106,\"height\":105,\"caption\":\"Saprea\"},\"image\":{\"@id\":\"https:\\\/\\\/saprea.org\\\/de\\\/#\\\/schema\\\/logo\\\/image\\\/\"},\"sameAs\":[\"https:\\\/\\\/facebook.com\\\/saprea.org\",\"https:\\\/\\\/x.com\\\/saprea_org\",\"https:\\\/\\\/instagram.com\\\/youniquefoundation\",\"https:\\\/\\\/pinterest.com\\\/saprea_org\",\"https:\\\/\\\/youtube.com\\\/c\\\/saprea_org\"]}]}<\/script>\n<!-- \/ Yoast SEO plugin. -->","yoast_head_json":{"title":"Scham und sexueller Kindesmissbrauch | Saprea","description":"Scham ist ein schmerzhaftes Gef\u00fchl, das Betroffene von sexuellem Kindesmissbrauch empfinden k\u00f6nnen. Scham ist mit Gef\u00fchlen der Wertlosigkeit und des Versagens verbunden.","robots":{"index":"index","follow":"follow","max-snippet":"max-snippet:-1","max-image-preview":"max-image-preview:large","max-video-preview":"max-video-preview:-1"},"canonical":"https:\/\/saprea.org\/de\/heilen\/scham-sexueller-kindesmissbrauch\/","og_locale":"de_DE","og_type":"article","og_title":"Scham und sexueller Kindesmissbrauch | Saprea","og_description":"Scham ist ein schmerzhaftes Gef\u00fchl, das Betroffene von sexuellem Kindesmissbrauch empfinden k\u00f6nnen. Scham ist mit Gef\u00fchlen der Wertlosigkeit und des Versagens verbunden.","og_url":"https:\/\/saprea.org\/de\/heilen\/scham-sexueller-kindesmissbrauch\/","og_site_name":"Saprea","article_publisher":"https:\/\/facebook.com\/saprea.org","article_modified_time":"2023-10-04T19:23:37+00:00","og_image":[{"width":1600,"height":900,"url":"https:\/\/saprea.org\/wp-content\/uploads\/2023\/07\/TYF_Effects_ShameAndChildSexualAbuse.jpg","type":"image\/jpeg"}],"twitter_card":"summary_large_image","twitter_site":"@saprea_org","twitter_misc":{"Gesch\u00e4tzte Lesezeit":"15\u00a0Minuten"},"schema":{"@context":"https:\/\/schema.org","@graph":[{"@type":"WebPage","@id":"https:\/\/saprea.org\/de\/heilen\/scham-sexueller-kindesmissbrauch\/","url":"https:\/\/saprea.org\/de\/heilen\/scham-sexueller-kindesmissbrauch\/","name":"Scham und sexueller Kindesmissbrauch | Saprea","isPartOf":{"@id":"https:\/\/saprea.org\/de\/#website"},"primaryImageOfPage":{"@id":"https:\/\/saprea.org\/de\/heilen\/scham-sexueller-kindesmissbrauch\/#primaryimage"},"image":{"@id":"https:\/\/saprea.org\/de\/heilen\/scham-sexueller-kindesmissbrauch\/#primaryimage"},"thumbnailUrl":"https:\/\/saprea.org\/wp-content\/uploads\/2023\/07\/TYF_Effects_ShameAndChildSexualAbuse.jpg","datePublished":"2023-09-15T13:34:52+00:00","dateModified":"2023-10-04T19:23:37+00:00","description":"Scham ist ein schmerzhaftes Gef\u00fchl, das Betroffene von sexuellem Kindesmissbrauch empfinden k\u00f6nnen. Scham ist mit Gef\u00fchlen der Wertlosigkeit und des Versagens verbunden.","breadcrumb":{"@id":"https:\/\/saprea.org\/de\/heilen\/scham-sexueller-kindesmissbrauch\/#breadcrumb"},"inLanguage":"de","potentialAction":[{"@type":"ReadAction","target":["https:\/\/saprea.org\/de\/heilen\/scham-sexueller-kindesmissbrauch\/"]}]},{"@type":"ImageObject","inLanguage":"de","@id":"https:\/\/saprea.org\/de\/heilen\/scham-sexueller-kindesmissbrauch\/#primaryimage","url":"https:\/\/saprea.org\/wp-content\/uploads\/2023\/07\/TYF_Effects_ShameAndChildSexualAbuse.jpg","contentUrl":"https:\/\/saprea.org\/wp-content\/uploads\/2023\/07\/TYF_Effects_ShameAndChildSexualAbuse.jpg","width":1600,"height":900,"caption":"Upset mixed race woman sitting alone in cafe, avoiding people."},{"@type":"BreadcrumbList","@id":"https:\/\/saprea.org\/de\/heilen\/scham-sexueller-kindesmissbrauch\/#breadcrumb","itemListElement":[{"@type":"ListItem","position":1,"name":"Home","item":"https:\/\/saprea.org\/de\/saprea-homepage\/"},{"@type":"ListItem","position":2,"name":"Die Bew\u00e4ltigung von sexuellem Kindesmissbrauch","item":"https:\/\/saprea.org\/de\/heilen\/"},{"@type":"ListItem","position":3,"name":"Scham und sexueller Kindesmissbrauch"}]},{"@type":"WebSite","@id":"https:\/\/saprea.org\/de\/#website","url":"https:\/\/saprea.org\/de\/","name":"Saprea","description":"","publisher":{"@id":"https:\/\/saprea.org\/de\/#organization"},"potentialAction":[{"@type":"SearchAction","target":{"@type":"EntryPoint","urlTemplate":"https:\/\/saprea.org\/de\/?s={search_term_string}"},"query-input":{"@type":"PropertyValueSpecification","valueRequired":true,"valueName":"search_term_string"}}],"inLanguage":"de"},{"@type":"Organization","@id":"https:\/\/saprea.org\/de\/#organization","name":"Saprea","url":"https:\/\/saprea.org\/de\/","logo":{"@type":"ImageObject","inLanguage":"de","@id":"https:\/\/saprea.org\/de\/#\/schema\/logo\/image\/","url":"https:\/\/saprea.org\/wp-content\/uploads\/2021\/12\/Vector-7-1.png","contentUrl":"https:\/\/saprea.org\/wp-content\/uploads\/2021\/12\/Vector-7-1.png","width":106,"height":105,"caption":"Saprea"},"image":{"@id":"https:\/\/saprea.org\/de\/#\/schema\/logo\/image\/"},"sameAs":["https:\/\/facebook.com\/saprea.org","https:\/\/x.com\/saprea_org","https:\/\/instagram.com\/youniquefoundation","https:\/\/pinterest.com\/saprea_org","https:\/\/youtube.com\/c\/saprea_org"]}]}},"_links":{"self":[{"href":"https:\/\/saprea.org\/de\/wp-json\/wp\/v2\/pages\/15171","targetHints":{"allow":["GET"]}}],"collection":[{"href":"https:\/\/saprea.org\/de\/wp-json\/wp\/v2\/pages"}],"about":[{"href":"https:\/\/saprea.org\/de\/wp-json\/wp\/v2\/types\/page"}],"author":[{"embeddable":true,"href":"https:\/\/saprea.org\/de\/wp-json\/wp\/v2\/users\/3"}],"replies":[{"embeddable":true,"href":"https:\/\/saprea.org\/de\/wp-json\/wp\/v2\/comments?post=15171"}],"version-history":[{"count":0,"href":"https:\/\/saprea.org\/de\/wp-json\/wp\/v2\/pages\/15171\/revisions"}],"up":[{"embeddable":true,"href":"https:\/\/saprea.org\/de\/wp-json\/wp\/v2\/pages\/13051"}],"wp:featuredmedia":[{"embeddable":true,"href":"https:\/\/saprea.org\/de\/wp-json\/wp\/v2\/media\/11859"}],"wp:attachment":[{"href":"https:\/\/saprea.org\/de\/wp-json\/wp\/v2\/media?parent=15171"}],"curies":[{"name":"wp","href":"https:\/\/api.w.org\/{rel}","templated":true}]}}