{"id":13280,"date":"2023-09-15T07:34:58","date_gmt":"2023-09-15T13:34:58","guid":{"rendered":"http:\/\/54.188.8.157\/?page_id=13280"},"modified":"2023-09-18T15:34:09","modified_gmt":"2023-09-18T21:34:09","slug":"unterstuetzungsnetzwerk","status":"publish","type":"page","link":"https:\/\/saprea.org\/de\/heilen\/heilansatz\/unterstuetzungsnetzwerk\/","title":{"rendered":"Ressourcen zum Heilen: Dein Unterst\u00fctzungsnetzwerk aufbauen"},"content":{"rendered":"<div id=\"cs-content\" class=\"cs-content\"><\/div>\n","protected":false},"excerpt":{"rendered":"<p>Saprea &gt; Online-Ressourcen zum Heilen\u00a0&gt; Unser Ansatz &gt;Ressourcen zum Heilen: Dein Unterst\u00fctzungsnetzwerk aufbauenRessourcen zum Heilen: Dein Unterst\u00fctzungs-netzwerk aufbauenDie besten Unterst\u00fctzungsnetzwerke entstehen, wenn du dich mit anderen Menschen verbunden f\u00fchlst, die dich f\u00fcr das sch\u00e4tzen, was du bist und was du beitr\u00e4gst.Viele Betroffene von sexuellem Kindesmissbrauch berichten, dass sie sich in vielen Bereichen ihres Lebens ausgeschlossen, [&hellip;]<\/p>\n","protected":false},"author":3,"featured_media":11067,"parent":13064,"menu_order":0,"comment_status":"closed","ping_status":"closed","template":"","meta":{"footnotes":""},"class_list":["post-13280","page","type-page","status-publish","has-post-thumbnail","hentry"],"yoast_head":"<!-- This site is optimized with the Yoast SEO plugin v27.3 - https:\/\/yoast.com\/product\/yoast-seo-wordpress\/ -->\n<title>Dein Unterst\u00fctzungsnetzwerk aufbauen\u00a0| Saprea<\/title>\n<meta name=\"description\" content=\"Die besten Unterst\u00fctzungsnetzwerke entstehen, wenn du dich mit anderen Menschen verbunden f\u00fchlst, die dich f\u00fcr das sch\u00e4tzen, was du bist und was du beitr\u00e4gst.\" \/>\n<meta name=\"robots\" content=\"index, follow, max-snippet:-1, max-image-preview:large, max-video-preview:-1\" \/>\n<link rel=\"canonical\" href=\"https:\/\/saprea.org\/de\/heilen\/heilansatz\/unterstuetzungsnetzwerk\/\" \/>\n<meta property=\"og:locale\" content=\"de_DE\" \/>\n<meta property=\"og:type\" content=\"article\" \/>\n<meta property=\"og:title\" content=\"Dein Unterst\u00fctzungsnetzwerk aufbauen\u00a0| Saprea\" \/>\n<meta property=\"og:description\" content=\"Die besten Unterst\u00fctzungsnetzwerke entstehen, wenn du dich mit anderen Menschen verbunden f\u00fchlst, die dich f\u00fcr das sch\u00e4tzen, was du bist und was du beitr\u00e4gst.\" \/>\n<meta property=\"og:url\" content=\"https:\/\/saprea.org\/de\/heilen\/heilansatz\/unterstuetzungsnetzwerk\/\" \/>\n<meta property=\"og:site_name\" content=\"Saprea\" \/>\n<meta property=\"article:publisher\" content=\"https:\/\/facebook.com\/saprea.org\" \/>\n<meta property=\"article:modified_time\" content=\"2023-09-18T21:34:09+00:00\" \/>\n<meta property=\"og:image\" content=\"https:\/\/saprea.org\/wp-content\/uploads\/2023\/07\/Support-Network.jpg\" \/>\n\t<meta property=\"og:image:width\" content=\"1024\" \/>\n\t<meta property=\"og:image:height\" content=\"576\" \/>\n\t<meta property=\"og:image:type\" content=\"image\/jpeg\" \/>\n<meta name=\"twitter:card\" content=\"summary_large_image\" \/>\n<meta name=\"twitter:site\" content=\"@saprea_org\" \/>\n<meta name=\"twitter:label1\" content=\"Gesch\u00e4tzte Lesezeit\" \/>\n\t<meta name=\"twitter:data1\" content=\"1\u00a0Minute\" \/>\n<script type=\"application\/ld+json\" class=\"yoast-schema-graph\">{\"@context\":\"https:\\\/\\\/schema.org\",\"@graph\":[{\"@type\":\"WebPage\",\"@id\":\"https:\\\/\\\/saprea.org\\\/de\\\/heilen\\\/heilansatz\\\/unterstuetzungsnetzwerk\\\/\",\"url\":\"https:\\\/\\\/saprea.org\\\/de\\\/heilen\\\/heilansatz\\\/unterstuetzungsnetzwerk\\\/\",\"name\":\"Dein Unterst\u00fctzungsnetzwerk aufbauen\u00a0| Saprea\",\"isPartOf\":{\"@id\":\"https:\\\/\\\/saprea.org\\\/de\\\/#website\"},\"primaryImageOfPage\":{\"@id\":\"https:\\\/\\\/saprea.org\\\/de\\\/heilen\\\/heilansatz\\\/unterstuetzungsnetzwerk\\\/#primaryimage\"},\"image\":{\"@id\":\"https:\\\/\\\/saprea.org\\\/de\\\/heilen\\\/heilansatz\\\/unterstuetzungsnetzwerk\\\/#primaryimage\"},\"thumbnailUrl\":\"https:\\\/\\\/saprea.org\\\/wp-content\\\/uploads\\\/2023\\\/07\\\/Support-Network.jpg\",\"datePublished\":\"2023-09-15T13:34:58+00:00\",\"dateModified\":\"2023-09-18T21:34:09+00:00\",\"description\":\"Die besten Unterst\u00fctzungsnetzwerke entstehen, wenn du dich mit anderen Menschen verbunden f\u00fchlst, die dich f\u00fcr das sch\u00e4tzen, was du bist und was du beitr\u00e4gst.\",\"breadcrumb\":{\"@id\":\"https:\\\/\\\/saprea.org\\\/de\\\/heilen\\\/heilansatz\\\/unterstuetzungsnetzwerk\\\/#breadcrumb\"},\"inLanguage\":\"de\",\"potentialAction\":[{\"@type\":\"ReadAction\",\"target\":[\"https:\\\/\\\/saprea.org\\\/de\\\/heilen\\\/heilansatz\\\/unterstuetzungsnetzwerk\\\/\"]}]},{\"@type\":\"ImageObject\",\"inLanguage\":\"de\",\"@id\":\"https:\\\/\\\/saprea.org\\\/de\\\/heilen\\\/heilansatz\\\/unterstuetzungsnetzwerk\\\/#primaryimage\",\"url\":\"https:\\\/\\\/saprea.org\\\/wp-content\\\/uploads\\\/2023\\\/07\\\/Support-Network.jpg\",\"contentUrl\":\"https:\\\/\\\/saprea.org\\\/wp-content\\\/uploads\\\/2023\\\/07\\\/Support-Network.jpg\",\"width\":1024,\"height\":576,\"caption\":\"Two women sitting outside enjoying each others company\"},{\"@type\":\"BreadcrumbList\",\"@id\":\"https:\\\/\\\/saprea.org\\\/de\\\/heilen\\\/heilansatz\\\/unterstuetzungsnetzwerk\\\/#breadcrumb\",\"itemListElement\":[{\"@type\":\"ListItem\",\"position\":1,\"name\":\"Home\",\"item\":\"https:\\\/\\\/saprea.org\\\/de\\\/saprea-homepage\\\/\"},{\"@type\":\"ListItem\",\"position\":2,\"name\":\"Die Bew\u00e4ltigung von sexuellem Kindesmissbrauch\",\"item\":\"https:\\\/\\\/saprea.org\\\/de\\\/heilen\\\/\"},{\"@type\":\"ListItem\",\"position\":3,\"name\":\"Unser Ansatz zur Bew\u00e4ltigung von sexuellem Kindesmissbrauch\",\"item\":\"https:\\\/\\\/saprea.org\\\/de\\\/heilen\\\/heilansatz\\\/\"},{\"@type\":\"ListItem\",\"position\":4,\"name\":\"Ressourcen zum Heilen: Dein Unterst\u00fctzungsnetzwerk aufbauen\"}]},{\"@type\":\"WebSite\",\"@id\":\"https:\\\/\\\/saprea.org\\\/de\\\/#website\",\"url\":\"https:\\\/\\\/saprea.org\\\/de\\\/\",\"name\":\"Saprea\",\"description\":\"\",\"publisher\":{\"@id\":\"https:\\\/\\\/saprea.org\\\/de\\\/#organization\"},\"potentialAction\":[{\"@type\":\"SearchAction\",\"target\":{\"@type\":\"EntryPoint\",\"urlTemplate\":\"https:\\\/\\\/saprea.org\\\/de\\\/?s={search_term_string}\"},\"query-input\":{\"@type\":\"PropertyValueSpecification\",\"valueRequired\":true,\"valueName\":\"search_term_string\"}}],\"inLanguage\":\"de\"},{\"@type\":\"Organization\",\"@id\":\"https:\\\/\\\/saprea.org\\\/de\\\/#organization\",\"name\":\"Saprea\",\"url\":\"https:\\\/\\\/saprea.org\\\/de\\\/\",\"logo\":{\"@type\":\"ImageObject\",\"inLanguage\":\"de\",\"@id\":\"https:\\\/\\\/saprea.org\\\/de\\\/#\\\/schema\\\/logo\\\/image\\\/\",\"url\":\"https:\\\/\\\/saprea.org\\\/wp-content\\\/uploads\\\/2021\\\/12\\\/Vector-7-1.png\",\"contentUrl\":\"https:\\\/\\\/saprea.org\\\/wp-content\\\/uploads\\\/2021\\\/12\\\/Vector-7-1.png\",\"width\":106,\"height\":105,\"caption\":\"Saprea\"},\"image\":{\"@id\":\"https:\\\/\\\/saprea.org\\\/de\\\/#\\\/schema\\\/logo\\\/image\\\/\"},\"sameAs\":[\"https:\\\/\\\/facebook.com\\\/saprea.org\",\"https:\\\/\\\/x.com\\\/saprea_org\",\"https:\\\/\\\/instagram.com\\\/youniquefoundation\",\"https:\\\/\\\/pinterest.com\\\/saprea_org\",\"https:\\\/\\\/youtube.com\\\/c\\\/saprea_org\"]}]}<\/script>\n<!-- \/ Yoast SEO plugin. -->","yoast_head_json":{"title":"Dein Unterst\u00fctzungsnetzwerk aufbauen\u00a0| Saprea","description":"Die besten Unterst\u00fctzungsnetzwerke entstehen, wenn du dich mit anderen Menschen verbunden f\u00fchlst, die dich f\u00fcr das sch\u00e4tzen, was du bist und was du beitr\u00e4gst.","robots":{"index":"index","follow":"follow","max-snippet":"max-snippet:-1","max-image-preview":"max-image-preview:large","max-video-preview":"max-video-preview:-1"},"canonical":"https:\/\/saprea.org\/de\/heilen\/heilansatz\/unterstuetzungsnetzwerk\/","og_locale":"de_DE","og_type":"article","og_title":"Dein Unterst\u00fctzungsnetzwerk aufbauen\u00a0| Saprea","og_description":"Die besten Unterst\u00fctzungsnetzwerke entstehen, wenn du dich mit anderen Menschen verbunden f\u00fchlst, die dich f\u00fcr das sch\u00e4tzen, was du bist und was du beitr\u00e4gst.","og_url":"https:\/\/saprea.org\/de\/heilen\/heilansatz\/unterstuetzungsnetzwerk\/","og_site_name":"Saprea","article_publisher":"https:\/\/facebook.com\/saprea.org","article_modified_time":"2023-09-18T21:34:09+00:00","og_image":[{"width":1024,"height":576,"url":"https:\/\/saprea.org\/wp-content\/uploads\/2023\/07\/Support-Network.jpg","type":"image\/jpeg"}],"twitter_card":"summary_large_image","twitter_site":"@saprea_org","twitter_misc":{"Gesch\u00e4tzte Lesezeit":"1\u00a0Minute"},"schema":{"@context":"https:\/\/schema.org","@graph":[{"@type":"WebPage","@id":"https:\/\/saprea.org\/de\/heilen\/heilansatz\/unterstuetzungsnetzwerk\/","url":"https:\/\/saprea.org\/de\/heilen\/heilansatz\/unterstuetzungsnetzwerk\/","name":"Dein Unterst\u00fctzungsnetzwerk aufbauen\u00a0| Saprea","isPartOf":{"@id":"https:\/\/saprea.org\/de\/#website"},"primaryImageOfPage":{"@id":"https:\/\/saprea.org\/de\/heilen\/heilansatz\/unterstuetzungsnetzwerk\/#primaryimage"},"image":{"@id":"https:\/\/saprea.org\/de\/heilen\/heilansatz\/unterstuetzungsnetzwerk\/#primaryimage"},"thumbnailUrl":"https:\/\/saprea.org\/wp-content\/uploads\/2023\/07\/Support-Network.jpg","datePublished":"2023-09-15T13:34:58+00:00","dateModified":"2023-09-18T21:34:09+00:00","description":"Die besten Unterst\u00fctzungsnetzwerke entstehen, wenn du dich mit anderen Menschen verbunden f\u00fchlst, die dich f\u00fcr das sch\u00e4tzen, was du bist und was du beitr\u00e4gst.","breadcrumb":{"@id":"https:\/\/saprea.org\/de\/heilen\/heilansatz\/unterstuetzungsnetzwerk\/#breadcrumb"},"inLanguage":"de","potentialAction":[{"@type":"ReadAction","target":["https:\/\/saprea.org\/de\/heilen\/heilansatz\/unterstuetzungsnetzwerk\/"]}]},{"@type":"ImageObject","inLanguage":"de","@id":"https:\/\/saprea.org\/de\/heilen\/heilansatz\/unterstuetzungsnetzwerk\/#primaryimage","url":"https:\/\/saprea.org\/wp-content\/uploads\/2023\/07\/Support-Network.jpg","contentUrl":"https:\/\/saprea.org\/wp-content\/uploads\/2023\/07\/Support-Network.jpg","width":1024,"height":576,"caption":"Two women sitting outside enjoying each others company"},{"@type":"BreadcrumbList","@id":"https:\/\/saprea.org\/de\/heilen\/heilansatz\/unterstuetzungsnetzwerk\/#breadcrumb","itemListElement":[{"@type":"ListItem","position":1,"name":"Home","item":"https:\/\/saprea.org\/de\/saprea-homepage\/"},{"@type":"ListItem","position":2,"name":"Die Bew\u00e4ltigung von sexuellem Kindesmissbrauch","item":"https:\/\/saprea.org\/de\/heilen\/"},{"@type":"ListItem","position":3,"name":"Unser Ansatz zur Bew\u00e4ltigung von sexuellem Kindesmissbrauch","item":"https:\/\/saprea.org\/de\/heilen\/heilansatz\/"},{"@type":"ListItem","position":4,"name":"Ressourcen zum Heilen: Dein Unterst\u00fctzungsnetzwerk aufbauen"}]},{"@type":"WebSite","@id":"https:\/\/saprea.org\/de\/#website","url":"https:\/\/saprea.org\/de\/","name":"Saprea","description":"","publisher":{"@id":"https:\/\/saprea.org\/de\/#organization"},"potentialAction":[{"@type":"SearchAction","target":{"@type":"EntryPoint","urlTemplate":"https:\/\/saprea.org\/de\/?s={search_term_string}"},"query-input":{"@type":"PropertyValueSpecification","valueRequired":true,"valueName":"search_term_string"}}],"inLanguage":"de"},{"@type":"Organization","@id":"https:\/\/saprea.org\/de\/#organization","name":"Saprea","url":"https:\/\/saprea.org\/de\/","logo":{"@type":"ImageObject","inLanguage":"de","@id":"https:\/\/saprea.org\/de\/#\/schema\/logo\/image\/","url":"https:\/\/saprea.org\/wp-content\/uploads\/2021\/12\/Vector-7-1.png","contentUrl":"https:\/\/saprea.org\/wp-content\/uploads\/2021\/12\/Vector-7-1.png","width":106,"height":105,"caption":"Saprea"},"image":{"@id":"https:\/\/saprea.org\/de\/#\/schema\/logo\/image\/"},"sameAs":["https:\/\/facebook.com\/saprea.org","https:\/\/x.com\/saprea_org","https:\/\/instagram.com\/youniquefoundation","https:\/\/pinterest.com\/saprea_org","https:\/\/youtube.com\/c\/saprea_org"]}]}},"_links":{"self":[{"href":"https:\/\/saprea.org\/de\/wp-json\/wp\/v2\/pages\/13280","targetHints":{"allow":["GET"]}}],"collection":[{"href":"https:\/\/saprea.org\/de\/wp-json\/wp\/v2\/pages"}],"about":[{"href":"https:\/\/saprea.org\/de\/wp-json\/wp\/v2\/types\/page"}],"author":[{"embeddable":true,"href":"https:\/\/saprea.org\/de\/wp-json\/wp\/v2\/users\/3"}],"replies":[{"embeddable":true,"href":"https:\/\/saprea.org\/de\/wp-json\/wp\/v2\/comments?post=13280"}],"version-history":[{"count":0,"href":"https:\/\/saprea.org\/de\/wp-json\/wp\/v2\/pages\/13280\/revisions"}],"up":[{"embeddable":true,"href":"https:\/\/saprea.org\/de\/wp-json\/wp\/v2\/pages\/13064"}],"wp:featuredmedia":[{"embeddable":true,"href":"https:\/\/saprea.org\/de\/wp-json\/wp\/v2\/media\/11067"}],"wp:attachment":[{"href":"https:\/\/saprea.org\/de\/wp-json\/wp\/v2\/media?parent=13280"}],"curies":[{"name":"wp","href":"https:\/\/api.w.org\/{rel}","templated":true}]}}