{"id":13109,"date":"2023-09-15T07:34:01","date_gmt":"2023-09-15T13:34:01","guid":{"rendered":"http:\/\/54.188.8.157\/?page_id=13109"},"modified":"2023-10-04T12:55:46","modified_gmt":"2023-10-04T18:55:46","slug":"selbstmitgefuehl","status":"publish","type":"page","link":"https:\/\/saprea.org\/de\/heilen\/heilansatz\/selbstmitgefuehl\/","title":{"rendered":"Ressourcen zum Heilen: Selbstmitgef\u00fchl"},"content":{"rendered":"<div id=\"cs-content\" class=\"cs-content\"><\/div>\n","protected":false},"excerpt":{"rendered":"<p>Saprea &gt; Online-Ressourcen zum Heilen\u00a0&gt; Unser Ansatz &gt;Ressourcen zum Heilen: Selbstmitgef\u00fchlRessourcen zum Heilen:Selbstmitgef\u00fchlSelbstmitgef\u00fchl bedeutet, dass du dich selbst aktiv liebst und wertsch\u00e4tzt, so wie du bist. Viele Betroffene von sexuellem Kindesmissbrauch empfinden Scham. Scham ist ein negativer Glaube, den wir \u00fcber uns selbst haben und der typischerweise entsteht, wenn wir versuchen, Unklarheiten zu \u00fcberbr\u00fccken, die [&hellip;]<\/p>\n","protected":false},"author":3,"featured_media":11006,"parent":13064,"menu_order":0,"comment_status":"closed","ping_status":"closed","template":"","meta":{"footnotes":""},"class_list":["post-13109","page","type-page","status-publish","has-post-thumbnail","hentry"],"yoast_head":"<!-- This site is optimized with the Yoast SEO plugin v27.3 - https:\/\/yoast.com\/product\/yoast-seo-wordpress\/ -->\n<title>Selbstmitgef\u00fchl | Saprea<\/title>\n<meta name=\"description\" content=\"Selbstmitgef\u00fchl bedeutet, dass du dich selbst aktiv liebst und wertsch\u00e4tzt, so wie du bist. Erfahre, wie du dein Selbstmitgef\u00fchl f\u00f6rdern kannst.\" \/>\n<meta name=\"robots\" content=\"index, follow, max-snippet:-1, max-image-preview:large, max-video-preview:-1\" \/>\n<link rel=\"canonical\" href=\"https:\/\/saprea.org\/de\/heilen\/heilansatz\/selbstmitgefuehl\/\" \/>\n<meta property=\"og:locale\" content=\"de_DE\" \/>\n<meta property=\"og:type\" content=\"article\" \/>\n<meta property=\"og:title\" content=\"Selbstmitgef\u00fchl | Saprea\" \/>\n<meta property=\"og:description\" content=\"Selbstmitgef\u00fchl bedeutet, dass du dich selbst aktiv liebst und wertsch\u00e4tzt, so wie du bist. Erfahre, wie du dein Selbstmitgef\u00fchl f\u00f6rdern kannst.\" \/>\n<meta property=\"og:url\" content=\"https:\/\/saprea.org\/de\/heilen\/heilansatz\/selbstmitgefuehl\/\" \/>\n<meta property=\"og:site_name\" content=\"Saprea\" \/>\n<meta property=\"article:publisher\" content=\"https:\/\/facebook.com\/saprea.org\" \/>\n<meta property=\"article:modified_time\" content=\"2023-10-04T18:55:46+00:00\" \/>\n<meta property=\"og:image\" content=\"https:\/\/saprea.org\/wp-content\/uploads\/2023\/07\/TYF_HealingResources_Self-Compassion.jpg\" \/>\n\t<meta property=\"og:image:width\" content=\"1676\" \/>\n\t<meta property=\"og:image:height\" content=\"943\" \/>\n\t<meta property=\"og:image:type\" content=\"image\/jpeg\" \/>\n<meta name=\"twitter:card\" content=\"summary_large_image\" \/>\n<meta name=\"twitter:site\" content=\"@saprea_org\" \/>\n<script type=\"application\/ld+json\" class=\"yoast-schema-graph\">{\"@context\":\"https:\\\/\\\/schema.org\",\"@graph\":[{\"@type\":\"WebPage\",\"@id\":\"https:\\\/\\\/saprea.org\\\/de\\\/heilen\\\/heilansatz\\\/selbstmitgefuehl\\\/\",\"url\":\"https:\\\/\\\/saprea.org\\\/de\\\/heilen\\\/heilansatz\\\/selbstmitgefuehl\\\/\",\"name\":\"Selbstmitgef\u00fchl | Saprea\",\"isPartOf\":{\"@id\":\"https:\\\/\\\/saprea.org\\\/de\\\/#website\"},\"primaryImageOfPage\":{\"@id\":\"https:\\\/\\\/saprea.org\\\/de\\\/heilen\\\/heilansatz\\\/selbstmitgefuehl\\\/#primaryimage\"},\"image\":{\"@id\":\"https:\\\/\\\/saprea.org\\\/de\\\/heilen\\\/heilansatz\\\/selbstmitgefuehl\\\/#primaryimage\"},\"thumbnailUrl\":\"https:\\\/\\\/saprea.org\\\/wp-content\\\/uploads\\\/2023\\\/07\\\/TYF_HealingResources_Self-Compassion.jpg\",\"datePublished\":\"2023-09-15T13:34:01+00:00\",\"dateModified\":\"2023-10-04T18:55:46+00:00\",\"description\":\"Selbstmitgef\u00fchl bedeutet, dass du dich selbst aktiv liebst und wertsch\u00e4tzt, so wie du bist. Erfahre, wie du dein Selbstmitgef\u00fchl f\u00f6rdern kannst.\",\"breadcrumb\":{\"@id\":\"https:\\\/\\\/saprea.org\\\/de\\\/heilen\\\/heilansatz\\\/selbstmitgefuehl\\\/#breadcrumb\"},\"inLanguage\":\"de\",\"potentialAction\":[{\"@type\":\"ReadAction\",\"target\":[\"https:\\\/\\\/saprea.org\\\/de\\\/heilen\\\/heilansatz\\\/selbstmitgefuehl\\\/\"]}]},{\"@type\":\"ImageObject\",\"inLanguage\":\"de\",\"@id\":\"https:\\\/\\\/saprea.org\\\/de\\\/heilen\\\/heilansatz\\\/selbstmitgefuehl\\\/#primaryimage\",\"url\":\"https:\\\/\\\/saprea.org\\\/wp-content\\\/uploads\\\/2023\\\/07\\\/TYF_HealingResources_Self-Compassion.jpg\",\"contentUrl\":\"https:\\\/\\\/saprea.org\\\/wp-content\\\/uploads\\\/2023\\\/07\\\/TYF_HealingResources_Self-Compassion.jpg\",\"width\":1676,\"height\":943,\"caption\":\"Portrait of a smiling girl with short laughing with her eyes closed\"},{\"@type\":\"BreadcrumbList\",\"@id\":\"https:\\\/\\\/saprea.org\\\/de\\\/heilen\\\/heilansatz\\\/selbstmitgefuehl\\\/#breadcrumb\",\"itemListElement\":[{\"@type\":\"ListItem\",\"position\":1,\"name\":\"Home\",\"item\":\"https:\\\/\\\/saprea.org\\\/de\\\/saprea-homepage\\\/\"},{\"@type\":\"ListItem\",\"position\":2,\"name\":\"Die Bew\u00e4ltigung von sexuellem Kindesmissbrauch\",\"item\":\"https:\\\/\\\/saprea.org\\\/de\\\/heilen\\\/\"},{\"@type\":\"ListItem\",\"position\":3,\"name\":\"Unser Ansatz zur Bew\u00e4ltigung von sexuellem Kindesmissbrauch\",\"item\":\"https:\\\/\\\/saprea.org\\\/de\\\/heilen\\\/heilansatz\\\/\"},{\"@type\":\"ListItem\",\"position\":4,\"name\":\"Ressourcen zum Heilen: Selbstmitgef\u00fchl\"}]},{\"@type\":\"WebSite\",\"@id\":\"https:\\\/\\\/saprea.org\\\/de\\\/#website\",\"url\":\"https:\\\/\\\/saprea.org\\\/de\\\/\",\"name\":\"Saprea\",\"description\":\"\",\"publisher\":{\"@id\":\"https:\\\/\\\/saprea.org\\\/de\\\/#organization\"},\"potentialAction\":[{\"@type\":\"SearchAction\",\"target\":{\"@type\":\"EntryPoint\",\"urlTemplate\":\"https:\\\/\\\/saprea.org\\\/de\\\/?s={search_term_string}\"},\"query-input\":{\"@type\":\"PropertyValueSpecification\",\"valueRequired\":true,\"valueName\":\"search_term_string\"}}],\"inLanguage\":\"de\"},{\"@type\":\"Organization\",\"@id\":\"https:\\\/\\\/saprea.org\\\/de\\\/#organization\",\"name\":\"Saprea\",\"url\":\"https:\\\/\\\/saprea.org\\\/de\\\/\",\"logo\":{\"@type\":\"ImageObject\",\"inLanguage\":\"de\",\"@id\":\"https:\\\/\\\/saprea.org\\\/de\\\/#\\\/schema\\\/logo\\\/image\\\/\",\"url\":\"https:\\\/\\\/saprea.org\\\/wp-content\\\/uploads\\\/2021\\\/12\\\/Vector-7-1.png\",\"contentUrl\":\"https:\\\/\\\/saprea.org\\\/wp-content\\\/uploads\\\/2021\\\/12\\\/Vector-7-1.png\",\"width\":106,\"height\":105,\"caption\":\"Saprea\"},\"image\":{\"@id\":\"https:\\\/\\\/saprea.org\\\/de\\\/#\\\/schema\\\/logo\\\/image\\\/\"},\"sameAs\":[\"https:\\\/\\\/facebook.com\\\/saprea.org\",\"https:\\\/\\\/x.com\\\/saprea_org\",\"https:\\\/\\\/instagram.com\\\/youniquefoundation\",\"https:\\\/\\\/pinterest.com\\\/saprea_org\",\"https:\\\/\\\/youtube.com\\\/c\\\/saprea_org\"]}]}<\/script>\n<!-- \/ Yoast SEO plugin. -->","yoast_head_json":{"title":"Selbstmitgef\u00fchl | Saprea","description":"Selbstmitgef\u00fchl bedeutet, dass du dich selbst aktiv liebst und wertsch\u00e4tzt, so wie du bist. Erfahre, wie du dein Selbstmitgef\u00fchl f\u00f6rdern kannst.","robots":{"index":"index","follow":"follow","max-snippet":"max-snippet:-1","max-image-preview":"max-image-preview:large","max-video-preview":"max-video-preview:-1"},"canonical":"https:\/\/saprea.org\/de\/heilen\/heilansatz\/selbstmitgefuehl\/","og_locale":"de_DE","og_type":"article","og_title":"Selbstmitgef\u00fchl | Saprea","og_description":"Selbstmitgef\u00fchl bedeutet, dass du dich selbst aktiv liebst und wertsch\u00e4tzt, so wie du bist. Erfahre, wie du dein Selbstmitgef\u00fchl f\u00f6rdern kannst.","og_url":"https:\/\/saprea.org\/de\/heilen\/heilansatz\/selbstmitgefuehl\/","og_site_name":"Saprea","article_publisher":"https:\/\/facebook.com\/saprea.org","article_modified_time":"2023-10-04T18:55:46+00:00","og_image":[{"width":1676,"height":943,"url":"https:\/\/saprea.org\/wp-content\/uploads\/2023\/07\/TYF_HealingResources_Self-Compassion.jpg","type":"image\/jpeg"}],"twitter_card":"summary_large_image","twitter_site":"@saprea_org","schema":{"@context":"https:\/\/schema.org","@graph":[{"@type":"WebPage","@id":"https:\/\/saprea.org\/de\/heilen\/heilansatz\/selbstmitgefuehl\/","url":"https:\/\/saprea.org\/de\/heilen\/heilansatz\/selbstmitgefuehl\/","name":"Selbstmitgef\u00fchl | Saprea","isPartOf":{"@id":"https:\/\/saprea.org\/de\/#website"},"primaryImageOfPage":{"@id":"https:\/\/saprea.org\/de\/heilen\/heilansatz\/selbstmitgefuehl\/#primaryimage"},"image":{"@id":"https:\/\/saprea.org\/de\/heilen\/heilansatz\/selbstmitgefuehl\/#primaryimage"},"thumbnailUrl":"https:\/\/saprea.org\/wp-content\/uploads\/2023\/07\/TYF_HealingResources_Self-Compassion.jpg","datePublished":"2023-09-15T13:34:01+00:00","dateModified":"2023-10-04T18:55:46+00:00","description":"Selbstmitgef\u00fchl bedeutet, dass du dich selbst aktiv liebst und wertsch\u00e4tzt, so wie du bist. Erfahre, wie du dein Selbstmitgef\u00fchl f\u00f6rdern kannst.","breadcrumb":{"@id":"https:\/\/saprea.org\/de\/heilen\/heilansatz\/selbstmitgefuehl\/#breadcrumb"},"inLanguage":"de","potentialAction":[{"@type":"ReadAction","target":["https:\/\/saprea.org\/de\/heilen\/heilansatz\/selbstmitgefuehl\/"]}]},{"@type":"ImageObject","inLanguage":"de","@id":"https:\/\/saprea.org\/de\/heilen\/heilansatz\/selbstmitgefuehl\/#primaryimage","url":"https:\/\/saprea.org\/wp-content\/uploads\/2023\/07\/TYF_HealingResources_Self-Compassion.jpg","contentUrl":"https:\/\/saprea.org\/wp-content\/uploads\/2023\/07\/TYF_HealingResources_Self-Compassion.jpg","width":1676,"height":943,"caption":"Portrait of a smiling girl with short laughing with her eyes closed"},{"@type":"BreadcrumbList","@id":"https:\/\/saprea.org\/de\/heilen\/heilansatz\/selbstmitgefuehl\/#breadcrumb","itemListElement":[{"@type":"ListItem","position":1,"name":"Home","item":"https:\/\/saprea.org\/de\/saprea-homepage\/"},{"@type":"ListItem","position":2,"name":"Die Bew\u00e4ltigung von sexuellem Kindesmissbrauch","item":"https:\/\/saprea.org\/de\/heilen\/"},{"@type":"ListItem","position":3,"name":"Unser Ansatz zur Bew\u00e4ltigung von sexuellem Kindesmissbrauch","item":"https:\/\/saprea.org\/de\/heilen\/heilansatz\/"},{"@type":"ListItem","position":4,"name":"Ressourcen zum Heilen: Selbstmitgef\u00fchl"}]},{"@type":"WebSite","@id":"https:\/\/saprea.org\/de\/#website","url":"https:\/\/saprea.org\/de\/","name":"Saprea","description":"","publisher":{"@id":"https:\/\/saprea.org\/de\/#organization"},"potentialAction":[{"@type":"SearchAction","target":{"@type":"EntryPoint","urlTemplate":"https:\/\/saprea.org\/de\/?s={search_term_string}"},"query-input":{"@type":"PropertyValueSpecification","valueRequired":true,"valueName":"search_term_string"}}],"inLanguage":"de"},{"@type":"Organization","@id":"https:\/\/saprea.org\/de\/#organization","name":"Saprea","url":"https:\/\/saprea.org\/de\/","logo":{"@type":"ImageObject","inLanguage":"de","@id":"https:\/\/saprea.org\/de\/#\/schema\/logo\/image\/","url":"https:\/\/saprea.org\/wp-content\/uploads\/2021\/12\/Vector-7-1.png","contentUrl":"https:\/\/saprea.org\/wp-content\/uploads\/2021\/12\/Vector-7-1.png","width":106,"height":105,"caption":"Saprea"},"image":{"@id":"https:\/\/saprea.org\/de\/#\/schema\/logo\/image\/"},"sameAs":["https:\/\/facebook.com\/saprea.org","https:\/\/x.com\/saprea_org","https:\/\/instagram.com\/youniquefoundation","https:\/\/pinterest.com\/saprea_org","https:\/\/youtube.com\/c\/saprea_org"]}]}},"_links":{"self":[{"href":"https:\/\/saprea.org\/de\/wp-json\/wp\/v2\/pages\/13109","targetHints":{"allow":["GET"]}}],"collection":[{"href":"https:\/\/saprea.org\/de\/wp-json\/wp\/v2\/pages"}],"about":[{"href":"https:\/\/saprea.org\/de\/wp-json\/wp\/v2\/types\/page"}],"author":[{"embeddable":true,"href":"https:\/\/saprea.org\/de\/wp-json\/wp\/v2\/users\/3"}],"replies":[{"embeddable":true,"href":"https:\/\/saprea.org\/de\/wp-json\/wp\/v2\/comments?post=13109"}],"version-history":[{"count":0,"href":"https:\/\/saprea.org\/de\/wp-json\/wp\/v2\/pages\/13109\/revisions"}],"up":[{"embeddable":true,"href":"https:\/\/saprea.org\/de\/wp-json\/wp\/v2\/pages\/13064"}],"wp:featuredmedia":[{"embeddable":true,"href":"https:\/\/saprea.org\/de\/wp-json\/wp\/v2\/media\/11006"}],"wp:attachment":[{"href":"https:\/\/saprea.org\/de\/wp-json\/wp\/v2\/media?parent=13109"}],"curies":[{"name":"wp","href":"https:\/\/api.w.org\/{rel}","templated":true}]}}