{"id":13036,"date":"2023-09-15T07:34:05","date_gmt":"2023-09-15T13:34:05","guid":{"rendered":"http:\/\/54.188.8.157\/?page_id=13036"},"modified":"2023-09-18T15:53:30","modified_gmt":"2023-09-18T21:53:30","slug":"bedeutung-von-achtsamkeit","status":"publish","type":"page","link":"https:\/\/saprea.org\/de\/heilen\/heilansatz\/bedeutung-von-achtsamkeit\/","title":{"rendered":"Achtsamkeit f\u00f6rdert das Heilen von sexuellem Missbrauch"},"content":{"rendered":"<div id=\"cs-content\" class=\"cs-content\"><\/div>\n","protected":false},"excerpt":{"rendered":"<p>Saprea &gt; Online-Ressourcen zum Heilen\u00a0&gt; Unser Ansatz &gt;Achtsamkeit f\u00f6rdert das Heilen von sexuellem MissbrauchHeilsame Praktiken:Achtsamkeit f\u00f6rdert das Heilen von sexuellem MissbrauchINTENTION, AUFMERKSAMKEIT UND EINSTELLUNGKREISLAUF DES HEILENSACHTSAMKEIT \u00dcBENIn den letzten Jahren wurde viel \u00fcber die Achtsamkeitspraxis und ihre positiven Auswirkungen auf die emotionale Gesundheit, die Konzentrationsf\u00e4higkeit, die Beziehungsf\u00e4higkeit und das allgemeine Wohlbefinden diskutiert.1 Aufgrund ihrer Vorteile [&hellip;]<\/p>\n","protected":false},"author":3,"featured_media":17813,"parent":13064,"menu_order":0,"comment_status":"closed","ping_status":"closed","template":"","meta":{"footnotes":""},"class_list":["post-13036","page","type-page","status-publish","has-post-thumbnail","hentry"],"yoast_head":"<!-- This site is optimized with the Yoast SEO plugin v27.3 - https:\/\/yoast.com\/product\/yoast-seo-wordpress\/ -->\n<title>Achtsamkeit f\u00f6rdert das Heilen von sexuellem Missbrauch<\/title>\n<meta name=\"description\" content=\"Achtsamkeit ist eine heilsame Praxis, die dich ermutigt, deine Zeit im gegenw\u00e4rtigen Moment zu verbringen und absichtlich im Hier und Jetzt zu leben.\" \/>\n<meta name=\"robots\" content=\"index, follow, max-snippet:-1, max-image-preview:large, max-video-preview:-1\" \/>\n<link rel=\"canonical\" href=\"https:\/\/saprea.org\/de\/heilen\/heilansatz\/bedeutung-von-achtsamkeit\/\" \/>\n<meta property=\"og:locale\" content=\"de_DE\" \/>\n<meta property=\"og:type\" content=\"article\" \/>\n<meta property=\"og:title\" content=\"Achtsamkeit f\u00f6rdert das Heilen von sexuellem Missbrauch\" \/>\n<meta property=\"og:description\" content=\"Achtsamkeit ist eine heilsame Praxis, die dich ermutigt, deine Zeit im gegenw\u00e4rtigen Moment zu verbringen und absichtlich im Hier und Jetzt zu leben.\" \/>\n<meta property=\"og:url\" content=\"https:\/\/saprea.org\/de\/heilen\/heilansatz\/bedeutung-von-achtsamkeit\/\" \/>\n<meta property=\"og:site_name\" content=\"Saprea\" \/>\n<meta property=\"article:publisher\" content=\"https:\/\/facebook.com\/saprea.org\" \/>\n<meta property=\"article:modified_time\" content=\"2023-09-18T21:53:30+00:00\" \/>\n<meta property=\"og:image\" content=\"https:\/\/saprea.org\/wp-content\/uploads\/2023\/09\/Mindfulness.jpg\" \/>\n\t<meta property=\"og:image:width\" content=\"1600\" \/>\n\t<meta property=\"og:image:height\" content=\"1067\" \/>\n\t<meta property=\"og:image:type\" content=\"image\/jpeg\" \/>\n<meta name=\"twitter:card\" content=\"summary_large_image\" \/>\n<meta name=\"twitter:site\" content=\"@saprea_org\" \/>\n<meta name=\"twitter:label1\" content=\"Gesch\u00e4tzte Lesezeit\" \/>\n\t<meta name=\"twitter:data1\" content=\"9\u00a0Minuten\" \/>\n<script type=\"application\/ld+json\" class=\"yoast-schema-graph\">{\"@context\":\"https:\\\/\\\/schema.org\",\"@graph\":[{\"@type\":\"WebPage\",\"@id\":\"https:\\\/\\\/saprea.org\\\/de\\\/heilen\\\/heilansatz\\\/bedeutung-von-achtsamkeit\\\/\",\"url\":\"https:\\\/\\\/saprea.org\\\/de\\\/heilen\\\/heilansatz\\\/bedeutung-von-achtsamkeit\\\/\",\"name\":\"Achtsamkeit f\u00f6rdert das Heilen von sexuellem Missbrauch\",\"isPartOf\":{\"@id\":\"https:\\\/\\\/saprea.org\\\/de\\\/#website\"},\"primaryImageOfPage\":{\"@id\":\"https:\\\/\\\/saprea.org\\\/de\\\/heilen\\\/heilansatz\\\/bedeutung-von-achtsamkeit\\\/#primaryimage\"},\"image\":{\"@id\":\"https:\\\/\\\/saprea.org\\\/de\\\/heilen\\\/heilansatz\\\/bedeutung-von-achtsamkeit\\\/#primaryimage\"},\"thumbnailUrl\":\"https:\\\/\\\/saprea.org\\\/wp-content\\\/uploads\\\/2023\\\/09\\\/Mindfulness.jpg\",\"datePublished\":\"2023-09-15T13:34:05+00:00\",\"dateModified\":\"2023-09-18T21:53:30+00:00\",\"description\":\"Achtsamkeit ist eine heilsame Praxis, die dich ermutigt, deine Zeit im gegenw\u00e4rtigen Moment zu verbringen und absichtlich im Hier und Jetzt zu leben.\",\"breadcrumb\":{\"@id\":\"https:\\\/\\\/saprea.org\\\/de\\\/heilen\\\/heilansatz\\\/bedeutung-von-achtsamkeit\\\/#breadcrumb\"},\"inLanguage\":\"de\",\"potentialAction\":[{\"@type\":\"ReadAction\",\"target\":[\"https:\\\/\\\/saprea.org\\\/de\\\/heilen\\\/heilansatz\\\/bedeutung-von-achtsamkeit\\\/\"]}]},{\"@type\":\"ImageObject\",\"inLanguage\":\"de\",\"@id\":\"https:\\\/\\\/saprea.org\\\/de\\\/heilen\\\/heilansatz\\\/bedeutung-von-achtsamkeit\\\/#primaryimage\",\"url\":\"https:\\\/\\\/saprea.org\\\/wp-content\\\/uploads\\\/2023\\\/09\\\/Mindfulness.jpg\",\"contentUrl\":\"https:\\\/\\\/saprea.org\\\/wp-content\\\/uploads\\\/2023\\\/09\\\/Mindfulness.jpg\",\"width\":1600,\"height\":1067,\"caption\":\"Women with glasses sitting on chair with hands clasped at her heart\"},{\"@type\":\"BreadcrumbList\",\"@id\":\"https:\\\/\\\/saprea.org\\\/de\\\/heilen\\\/heilansatz\\\/bedeutung-von-achtsamkeit\\\/#breadcrumb\",\"itemListElement\":[{\"@type\":\"ListItem\",\"position\":1,\"name\":\"Home\",\"item\":\"https:\\\/\\\/saprea.org\\\/de\\\/saprea-homepage\\\/\"},{\"@type\":\"ListItem\",\"position\":2,\"name\":\"Die Bew\u00e4ltigung von sexuellem Kindesmissbrauch\",\"item\":\"https:\\\/\\\/saprea.org\\\/de\\\/heilen\\\/\"},{\"@type\":\"ListItem\",\"position\":3,\"name\":\"Unser Ansatz zur Bew\u00e4ltigung von sexuellem Kindesmissbrauch\",\"item\":\"https:\\\/\\\/saprea.org\\\/de\\\/heilen\\\/heilansatz\\\/\"},{\"@type\":\"ListItem\",\"position\":4,\"name\":\"Achtsamkeit f\u00f6rdert das Heilen von sexuellem Missbrauch\"}]},{\"@type\":\"WebSite\",\"@id\":\"https:\\\/\\\/saprea.org\\\/de\\\/#website\",\"url\":\"https:\\\/\\\/saprea.org\\\/de\\\/\",\"name\":\"Saprea\",\"description\":\"\",\"publisher\":{\"@id\":\"https:\\\/\\\/saprea.org\\\/de\\\/#organization\"},\"potentialAction\":[{\"@type\":\"SearchAction\",\"target\":{\"@type\":\"EntryPoint\",\"urlTemplate\":\"https:\\\/\\\/saprea.org\\\/de\\\/?s={search_term_string}\"},\"query-input\":{\"@type\":\"PropertyValueSpecification\",\"valueRequired\":true,\"valueName\":\"search_term_string\"}}],\"inLanguage\":\"de\"},{\"@type\":\"Organization\",\"@id\":\"https:\\\/\\\/saprea.org\\\/de\\\/#organization\",\"name\":\"Saprea\",\"url\":\"https:\\\/\\\/saprea.org\\\/de\\\/\",\"logo\":{\"@type\":\"ImageObject\",\"inLanguage\":\"de\",\"@id\":\"https:\\\/\\\/saprea.org\\\/de\\\/#\\\/schema\\\/logo\\\/image\\\/\",\"url\":\"https:\\\/\\\/saprea.org\\\/wp-content\\\/uploads\\\/2021\\\/12\\\/Vector-7-1.png\",\"contentUrl\":\"https:\\\/\\\/saprea.org\\\/wp-content\\\/uploads\\\/2021\\\/12\\\/Vector-7-1.png\",\"width\":106,\"height\":105,\"caption\":\"Saprea\"},\"image\":{\"@id\":\"https:\\\/\\\/saprea.org\\\/de\\\/#\\\/schema\\\/logo\\\/image\\\/\"},\"sameAs\":[\"https:\\\/\\\/facebook.com\\\/saprea.org\",\"https:\\\/\\\/x.com\\\/saprea_org\",\"https:\\\/\\\/instagram.com\\\/youniquefoundation\",\"https:\\\/\\\/pinterest.com\\\/saprea_org\",\"https:\\\/\\\/youtube.com\\\/c\\\/saprea_org\"]}]}<\/script>\n<!-- \/ Yoast SEO plugin. -->","yoast_head_json":{"title":"Achtsamkeit f\u00f6rdert das Heilen von sexuellem Missbrauch","description":"Achtsamkeit ist eine heilsame Praxis, die dich ermutigt, deine Zeit im gegenw\u00e4rtigen Moment zu verbringen und absichtlich im Hier und Jetzt zu leben.","robots":{"index":"index","follow":"follow","max-snippet":"max-snippet:-1","max-image-preview":"max-image-preview:large","max-video-preview":"max-video-preview:-1"},"canonical":"https:\/\/saprea.org\/de\/heilen\/heilansatz\/bedeutung-von-achtsamkeit\/","og_locale":"de_DE","og_type":"article","og_title":"Achtsamkeit f\u00f6rdert das Heilen von sexuellem Missbrauch","og_description":"Achtsamkeit ist eine heilsame Praxis, die dich ermutigt, deine Zeit im gegenw\u00e4rtigen Moment zu verbringen und absichtlich im Hier und Jetzt zu leben.","og_url":"https:\/\/saprea.org\/de\/heilen\/heilansatz\/bedeutung-von-achtsamkeit\/","og_site_name":"Saprea","article_publisher":"https:\/\/facebook.com\/saprea.org","article_modified_time":"2023-09-18T21:53:30+00:00","og_image":[{"width":1600,"height":1067,"url":"https:\/\/saprea.org\/wp-content\/uploads\/2023\/09\/Mindfulness.jpg","type":"image\/jpeg"}],"twitter_card":"summary_large_image","twitter_site":"@saprea_org","twitter_misc":{"Gesch\u00e4tzte Lesezeit":"9\u00a0Minuten"},"schema":{"@context":"https:\/\/schema.org","@graph":[{"@type":"WebPage","@id":"https:\/\/saprea.org\/de\/heilen\/heilansatz\/bedeutung-von-achtsamkeit\/","url":"https:\/\/saprea.org\/de\/heilen\/heilansatz\/bedeutung-von-achtsamkeit\/","name":"Achtsamkeit f\u00f6rdert das Heilen von sexuellem Missbrauch","isPartOf":{"@id":"https:\/\/saprea.org\/de\/#website"},"primaryImageOfPage":{"@id":"https:\/\/saprea.org\/de\/heilen\/heilansatz\/bedeutung-von-achtsamkeit\/#primaryimage"},"image":{"@id":"https:\/\/saprea.org\/de\/heilen\/heilansatz\/bedeutung-von-achtsamkeit\/#primaryimage"},"thumbnailUrl":"https:\/\/saprea.org\/wp-content\/uploads\/2023\/09\/Mindfulness.jpg","datePublished":"2023-09-15T13:34:05+00:00","dateModified":"2023-09-18T21:53:30+00:00","description":"Achtsamkeit ist eine heilsame Praxis, die dich ermutigt, deine Zeit im gegenw\u00e4rtigen Moment zu verbringen und absichtlich im Hier und Jetzt zu leben.","breadcrumb":{"@id":"https:\/\/saprea.org\/de\/heilen\/heilansatz\/bedeutung-von-achtsamkeit\/#breadcrumb"},"inLanguage":"de","potentialAction":[{"@type":"ReadAction","target":["https:\/\/saprea.org\/de\/heilen\/heilansatz\/bedeutung-von-achtsamkeit\/"]}]},{"@type":"ImageObject","inLanguage":"de","@id":"https:\/\/saprea.org\/de\/heilen\/heilansatz\/bedeutung-von-achtsamkeit\/#primaryimage","url":"https:\/\/saprea.org\/wp-content\/uploads\/2023\/09\/Mindfulness.jpg","contentUrl":"https:\/\/saprea.org\/wp-content\/uploads\/2023\/09\/Mindfulness.jpg","width":1600,"height":1067,"caption":"Women with glasses sitting on chair with hands clasped at her heart"},{"@type":"BreadcrumbList","@id":"https:\/\/saprea.org\/de\/heilen\/heilansatz\/bedeutung-von-achtsamkeit\/#breadcrumb","itemListElement":[{"@type":"ListItem","position":1,"name":"Home","item":"https:\/\/saprea.org\/de\/saprea-homepage\/"},{"@type":"ListItem","position":2,"name":"Die Bew\u00e4ltigung von sexuellem Kindesmissbrauch","item":"https:\/\/saprea.org\/de\/heilen\/"},{"@type":"ListItem","position":3,"name":"Unser Ansatz zur Bew\u00e4ltigung von sexuellem Kindesmissbrauch","item":"https:\/\/saprea.org\/de\/heilen\/heilansatz\/"},{"@type":"ListItem","position":4,"name":"Achtsamkeit f\u00f6rdert das Heilen von sexuellem Missbrauch"}]},{"@type":"WebSite","@id":"https:\/\/saprea.org\/de\/#website","url":"https:\/\/saprea.org\/de\/","name":"Saprea","description":"","publisher":{"@id":"https:\/\/saprea.org\/de\/#organization"},"potentialAction":[{"@type":"SearchAction","target":{"@type":"EntryPoint","urlTemplate":"https:\/\/saprea.org\/de\/?s={search_term_string}"},"query-input":{"@type":"PropertyValueSpecification","valueRequired":true,"valueName":"search_term_string"}}],"inLanguage":"de"},{"@type":"Organization","@id":"https:\/\/saprea.org\/de\/#organization","name":"Saprea","url":"https:\/\/saprea.org\/de\/","logo":{"@type":"ImageObject","inLanguage":"de","@id":"https:\/\/saprea.org\/de\/#\/schema\/logo\/image\/","url":"https:\/\/saprea.org\/wp-content\/uploads\/2021\/12\/Vector-7-1.png","contentUrl":"https:\/\/saprea.org\/wp-content\/uploads\/2021\/12\/Vector-7-1.png","width":106,"height":105,"caption":"Saprea"},"image":{"@id":"https:\/\/saprea.org\/de\/#\/schema\/logo\/image\/"},"sameAs":["https:\/\/facebook.com\/saprea.org","https:\/\/x.com\/saprea_org","https:\/\/instagram.com\/youniquefoundation","https:\/\/pinterest.com\/saprea_org","https:\/\/youtube.com\/c\/saprea_org"]}]}},"_links":{"self":[{"href":"https:\/\/saprea.org\/de\/wp-json\/wp\/v2\/pages\/13036","targetHints":{"allow":["GET"]}}],"collection":[{"href":"https:\/\/saprea.org\/de\/wp-json\/wp\/v2\/pages"}],"about":[{"href":"https:\/\/saprea.org\/de\/wp-json\/wp\/v2\/types\/page"}],"author":[{"embeddable":true,"href":"https:\/\/saprea.org\/de\/wp-json\/wp\/v2\/users\/3"}],"replies":[{"embeddable":true,"href":"https:\/\/saprea.org\/de\/wp-json\/wp\/v2\/comments?post=13036"}],"version-history":[{"count":0,"href":"https:\/\/saprea.org\/de\/wp-json\/wp\/v2\/pages\/13036\/revisions"}],"up":[{"embeddable":true,"href":"https:\/\/saprea.org\/de\/wp-json\/wp\/v2\/pages\/13064"}],"wp:featuredmedia":[{"embeddable":true,"href":"https:\/\/saprea.org\/de\/wp-json\/wp\/v2\/media\/17813"}],"wp:attachment":[{"href":"https:\/\/saprea.org\/de\/wp-json\/wp\/v2\/media?parent=13036"}],"curies":[{"name":"wp","href":"https:\/\/api.w.org\/{rel}","templated":true}]}}