{"id":12790,"date":"2023-09-15T07:34:57","date_gmt":"2023-09-15T13:34:57","guid":{"rendered":"http:\/\/54.188.8.157\/?page_id=12790"},"modified":"2023-09-15T10:45:26","modified_gmt":"2023-09-15T16:45:26","slug":"schlafstoerungen","status":"publish","type":"page","link":"https:\/\/saprea.org\/de\/heilen\/schlafstoerungen\/","title":{"rendered":"H\u00e4ufige Symptome: Schlafst\u00f6rungen"},"content":{"rendered":"<div id=\"cs-content\" class=\"cs-content\"><\/div>\n","protected":false},"excerpt":{"rendered":"<p>Saprea &gt; Online-Ressourcen zum Heilen\u00a0&gt;H\u00e4ufige Symptome: Schlafst\u00f6rungenH\u00e4ufige Symptome:Schlafst\u00f6rungenH\u00e4ufige Symptome:Schlafst\u00f6rungenWas sind Schlafst\u00f6rungen?Schlafst\u00f6rungen sind in allen Altersgruppen, soziologischen Schichten und weltweit verbreitet. Sie k\u00f6nnen durch verschiedene Faktoren verursacht werden, die von k\u00f6rperlichen, emotionalen oder mentalen Leiden bis hin zu medizinischen Problemen, genetischen Merkmalen oder einer st\u00f6renden Umgebung reichen. Was auch immer der Grund sein mag Schlafst\u00f6rungen umfassen [&hellip;]<\/p>\n","protected":false},"author":2,"featured_media":12405,"parent":13051,"menu_order":0,"comment_status":"closed","ping_status":"closed","template":"","meta":{"footnotes":""},"class_list":["post-12790","page","type-page","status-publish","has-post-thumbnail","hentry"],"yoast_head":"<!-- This site is optimized with the Yoast SEO plugin v27.3 - https:\/\/yoast.com\/product\/yoast-seo-wordpress\/ -->\n<title>Schlafst\u00f6rungen | Saprea<\/title>\n<meta name=\"description\" content=\"Eine Studie ergab, dass mehr als 70 % der Betroffenen von sexuellem Kindesmissbrauch unter mittelschwerer bis schwerer Schlaflosigkeit leiden. Erfahre hier mehr.\" \/>\n<meta name=\"robots\" content=\"index, follow, max-snippet:-1, max-image-preview:large, max-video-preview:-1\" \/>\n<link rel=\"canonical\" href=\"https:\/\/saprea.org\/de\/heilen\/schlafstoerungen\/\" \/>\n<meta property=\"og:locale\" content=\"de_DE\" \/>\n<meta property=\"og:type\" content=\"article\" \/>\n<meta property=\"og:title\" content=\"Schlafst\u00f6rungen | Saprea\" \/>\n<meta property=\"og:description\" content=\"Eine Studie ergab, dass mehr als 70 % der Betroffenen von sexuellem Kindesmissbrauch unter mittelschwerer bis schwerer Schlaflosigkeit leiden. Erfahre hier mehr.\" \/>\n<meta property=\"og:url\" content=\"https:\/\/saprea.org\/de\/heilen\/schlafstoerungen\/\" \/>\n<meta property=\"og:site_name\" content=\"Saprea\" \/>\n<meta property=\"article:publisher\" content=\"https:\/\/facebook.com\/saprea.org\" \/>\n<meta property=\"article:modified_time\" content=\"2023-09-15T16:45:26+00:00\" \/>\n<meta property=\"og:image\" content=\"https:\/\/saprea.org\/wp-content\/uploads\/2023\/08\/sleep-issues.png\" \/>\n\t<meta property=\"og:image:width\" content=\"2200\" \/>\n\t<meta property=\"og:image:height\" content=\"2200\" \/>\n\t<meta property=\"og:image:type\" content=\"image\/png\" \/>\n<meta name=\"twitter:card\" content=\"summary_large_image\" \/>\n<meta name=\"twitter:site\" content=\"@saprea_org\" \/>\n<meta name=\"twitter:label1\" content=\"Gesch\u00e4tzte Lesezeit\" \/>\n\t<meta name=\"twitter:data1\" content=\"6\u00a0Minuten\" \/>\n<script type=\"application\/ld+json\" class=\"yoast-schema-graph\">{\"@context\":\"https:\\\/\\\/schema.org\",\"@graph\":[{\"@type\":\"WebPage\",\"@id\":\"https:\\\/\\\/saprea.org\\\/de\\\/heilen\\\/schlafstoerungen\\\/\",\"url\":\"https:\\\/\\\/saprea.org\\\/de\\\/heilen\\\/schlafstoerungen\\\/\",\"name\":\"Schlafst\u00f6rungen | Saprea\",\"isPartOf\":{\"@id\":\"https:\\\/\\\/saprea.org\\\/de\\\/#website\"},\"primaryImageOfPage\":{\"@id\":\"https:\\\/\\\/saprea.org\\\/de\\\/heilen\\\/schlafstoerungen\\\/#primaryimage\"},\"image\":{\"@id\":\"https:\\\/\\\/saprea.org\\\/de\\\/heilen\\\/schlafstoerungen\\\/#primaryimage\"},\"thumbnailUrl\":\"https:\\\/\\\/saprea.org\\\/wp-content\\\/uploads\\\/2023\\\/08\\\/sleep-issues.png\",\"datePublished\":\"2023-09-15T13:34:57+00:00\",\"dateModified\":\"2023-09-15T16:45:26+00:00\",\"description\":\"Eine Studie ergab, dass mehr als 70 % der Betroffenen von sexuellem Kindesmissbrauch unter mittelschwerer bis schwerer Schlaflosigkeit leiden. Erfahre hier mehr.\",\"breadcrumb\":{\"@id\":\"https:\\\/\\\/saprea.org\\\/de\\\/heilen\\\/schlafstoerungen\\\/#breadcrumb\"},\"inLanguage\":\"de\",\"potentialAction\":[{\"@type\":\"ReadAction\",\"target\":[\"https:\\\/\\\/saprea.org\\\/de\\\/heilen\\\/schlafstoerungen\\\/\"]}]},{\"@type\":\"ImageObject\",\"inLanguage\":\"de\",\"@id\":\"https:\\\/\\\/saprea.org\\\/de\\\/heilen\\\/schlafstoerungen\\\/#primaryimage\",\"url\":\"https:\\\/\\\/saprea.org\\\/wp-content\\\/uploads\\\/2023\\\/08\\\/sleep-issues.png\",\"contentUrl\":\"https:\\\/\\\/saprea.org\\\/wp-content\\\/uploads\\\/2023\\\/08\\\/sleep-issues.png\",\"width\":2200,\"height\":2200},{\"@type\":\"BreadcrumbList\",\"@id\":\"https:\\\/\\\/saprea.org\\\/de\\\/heilen\\\/schlafstoerungen\\\/#breadcrumb\",\"itemListElement\":[{\"@type\":\"ListItem\",\"position\":1,\"name\":\"Home\",\"item\":\"https:\\\/\\\/saprea.org\\\/de\\\/saprea-homepage\\\/\"},{\"@type\":\"ListItem\",\"position\":2,\"name\":\"Die Bew\u00e4ltigung von sexuellem Kindesmissbrauch\",\"item\":\"https:\\\/\\\/saprea.org\\\/de\\\/heilen\\\/\"},{\"@type\":\"ListItem\",\"position\":3,\"name\":\"H\u00e4ufige Symptome: Schlafst\u00f6rungen\"}]},{\"@type\":\"WebSite\",\"@id\":\"https:\\\/\\\/saprea.org\\\/de\\\/#website\",\"url\":\"https:\\\/\\\/saprea.org\\\/de\\\/\",\"name\":\"Saprea\",\"description\":\"\",\"publisher\":{\"@id\":\"https:\\\/\\\/saprea.org\\\/de\\\/#organization\"},\"potentialAction\":[{\"@type\":\"SearchAction\",\"target\":{\"@type\":\"EntryPoint\",\"urlTemplate\":\"https:\\\/\\\/saprea.org\\\/de\\\/?s={search_term_string}\"},\"query-input\":{\"@type\":\"PropertyValueSpecification\",\"valueRequired\":true,\"valueName\":\"search_term_string\"}}],\"inLanguage\":\"de\"},{\"@type\":\"Organization\",\"@id\":\"https:\\\/\\\/saprea.org\\\/de\\\/#organization\",\"name\":\"Saprea\",\"url\":\"https:\\\/\\\/saprea.org\\\/de\\\/\",\"logo\":{\"@type\":\"ImageObject\",\"inLanguage\":\"de\",\"@id\":\"https:\\\/\\\/saprea.org\\\/de\\\/#\\\/schema\\\/logo\\\/image\\\/\",\"url\":\"https:\\\/\\\/saprea.org\\\/wp-content\\\/uploads\\\/2021\\\/12\\\/Vector-7-1.png\",\"contentUrl\":\"https:\\\/\\\/saprea.org\\\/wp-content\\\/uploads\\\/2021\\\/12\\\/Vector-7-1.png\",\"width\":106,\"height\":105,\"caption\":\"Saprea\"},\"image\":{\"@id\":\"https:\\\/\\\/saprea.org\\\/de\\\/#\\\/schema\\\/logo\\\/image\\\/\"},\"sameAs\":[\"https:\\\/\\\/facebook.com\\\/saprea.org\",\"https:\\\/\\\/x.com\\\/saprea_org\",\"https:\\\/\\\/instagram.com\\\/youniquefoundation\",\"https:\\\/\\\/pinterest.com\\\/saprea_org\",\"https:\\\/\\\/youtube.com\\\/c\\\/saprea_org\"]}]}<\/script>\n<!-- \/ Yoast SEO plugin. -->","yoast_head_json":{"title":"Schlafst\u00f6rungen | Saprea","description":"Eine Studie ergab, dass mehr als 70 % der Betroffenen von sexuellem Kindesmissbrauch unter mittelschwerer bis schwerer Schlaflosigkeit leiden. Erfahre hier mehr.","robots":{"index":"index","follow":"follow","max-snippet":"max-snippet:-1","max-image-preview":"max-image-preview:large","max-video-preview":"max-video-preview:-1"},"canonical":"https:\/\/saprea.org\/de\/heilen\/schlafstoerungen\/","og_locale":"de_DE","og_type":"article","og_title":"Schlafst\u00f6rungen | Saprea","og_description":"Eine Studie ergab, dass mehr als 70 % der Betroffenen von sexuellem Kindesmissbrauch unter mittelschwerer bis schwerer Schlaflosigkeit leiden. Erfahre hier mehr.","og_url":"https:\/\/saprea.org\/de\/heilen\/schlafstoerungen\/","og_site_name":"Saprea","article_publisher":"https:\/\/facebook.com\/saprea.org","article_modified_time":"2023-09-15T16:45:26+00:00","og_image":[{"width":2200,"height":2200,"url":"https:\/\/saprea.org\/wp-content\/uploads\/2023\/08\/sleep-issues.png","type":"image\/png"}],"twitter_card":"summary_large_image","twitter_site":"@saprea_org","twitter_misc":{"Gesch\u00e4tzte Lesezeit":"6\u00a0Minuten"},"schema":{"@context":"https:\/\/schema.org","@graph":[{"@type":"WebPage","@id":"https:\/\/saprea.org\/de\/heilen\/schlafstoerungen\/","url":"https:\/\/saprea.org\/de\/heilen\/schlafstoerungen\/","name":"Schlafst\u00f6rungen | Saprea","isPartOf":{"@id":"https:\/\/saprea.org\/de\/#website"},"primaryImageOfPage":{"@id":"https:\/\/saprea.org\/de\/heilen\/schlafstoerungen\/#primaryimage"},"image":{"@id":"https:\/\/saprea.org\/de\/heilen\/schlafstoerungen\/#primaryimage"},"thumbnailUrl":"https:\/\/saprea.org\/wp-content\/uploads\/2023\/08\/sleep-issues.png","datePublished":"2023-09-15T13:34:57+00:00","dateModified":"2023-09-15T16:45:26+00:00","description":"Eine Studie ergab, dass mehr als 70 % der Betroffenen von sexuellem Kindesmissbrauch unter mittelschwerer bis schwerer Schlaflosigkeit leiden. Erfahre hier mehr.","breadcrumb":{"@id":"https:\/\/saprea.org\/de\/heilen\/schlafstoerungen\/#breadcrumb"},"inLanguage":"de","potentialAction":[{"@type":"ReadAction","target":["https:\/\/saprea.org\/de\/heilen\/schlafstoerungen\/"]}]},{"@type":"ImageObject","inLanguage":"de","@id":"https:\/\/saprea.org\/de\/heilen\/schlafstoerungen\/#primaryimage","url":"https:\/\/saprea.org\/wp-content\/uploads\/2023\/08\/sleep-issues.png","contentUrl":"https:\/\/saprea.org\/wp-content\/uploads\/2023\/08\/sleep-issues.png","width":2200,"height":2200},{"@type":"BreadcrumbList","@id":"https:\/\/saprea.org\/de\/heilen\/schlafstoerungen\/#breadcrumb","itemListElement":[{"@type":"ListItem","position":1,"name":"Home","item":"https:\/\/saprea.org\/de\/saprea-homepage\/"},{"@type":"ListItem","position":2,"name":"Die Bew\u00e4ltigung von sexuellem Kindesmissbrauch","item":"https:\/\/saprea.org\/de\/heilen\/"},{"@type":"ListItem","position":3,"name":"H\u00e4ufige Symptome: Schlafst\u00f6rungen"}]},{"@type":"WebSite","@id":"https:\/\/saprea.org\/de\/#website","url":"https:\/\/saprea.org\/de\/","name":"Saprea","description":"","publisher":{"@id":"https:\/\/saprea.org\/de\/#organization"},"potentialAction":[{"@type":"SearchAction","target":{"@type":"EntryPoint","urlTemplate":"https:\/\/saprea.org\/de\/?s={search_term_string}"},"query-input":{"@type":"PropertyValueSpecification","valueRequired":true,"valueName":"search_term_string"}}],"inLanguage":"de"},{"@type":"Organization","@id":"https:\/\/saprea.org\/de\/#organization","name":"Saprea","url":"https:\/\/saprea.org\/de\/","logo":{"@type":"ImageObject","inLanguage":"de","@id":"https:\/\/saprea.org\/de\/#\/schema\/logo\/image\/","url":"https:\/\/saprea.org\/wp-content\/uploads\/2021\/12\/Vector-7-1.png","contentUrl":"https:\/\/saprea.org\/wp-content\/uploads\/2021\/12\/Vector-7-1.png","width":106,"height":105,"caption":"Saprea"},"image":{"@id":"https:\/\/saprea.org\/de\/#\/schema\/logo\/image\/"},"sameAs":["https:\/\/facebook.com\/saprea.org","https:\/\/x.com\/saprea_org","https:\/\/instagram.com\/youniquefoundation","https:\/\/pinterest.com\/saprea_org","https:\/\/youtube.com\/c\/saprea_org"]}]}},"_links":{"self":[{"href":"https:\/\/saprea.org\/de\/wp-json\/wp\/v2\/pages\/12790","targetHints":{"allow":["GET"]}}],"collection":[{"href":"https:\/\/saprea.org\/de\/wp-json\/wp\/v2\/pages"}],"about":[{"href":"https:\/\/saprea.org\/de\/wp-json\/wp\/v2\/types\/page"}],"author":[{"embeddable":true,"href":"https:\/\/saprea.org\/de\/wp-json\/wp\/v2\/users\/2"}],"replies":[{"embeddable":true,"href":"https:\/\/saprea.org\/de\/wp-json\/wp\/v2\/comments?post=12790"}],"version-history":[{"count":0,"href":"https:\/\/saprea.org\/de\/wp-json\/wp\/v2\/pages\/12790\/revisions"}],"up":[{"embeddable":true,"href":"https:\/\/saprea.org\/de\/wp-json\/wp\/v2\/pages\/13051"}],"wp:featuredmedia":[{"embeddable":true,"href":"https:\/\/saprea.org\/de\/wp-json\/wp\/v2\/media\/12405"}],"wp:attachment":[{"href":"https:\/\/saprea.org\/de\/wp-json\/wp\/v2\/media?parent=12790"}],"curies":[{"name":"wp","href":"https:\/\/api.w.org\/{rel}","templated":true}]}}