{"id":12691,"date":"2023-09-15T07:34:56","date_gmt":"2023-09-15T13:34:56","guid":{"rendered":"http:\/\/54.188.8.157\/?page_id=12691"},"modified":"2023-10-04T12:15:59","modified_gmt":"2023-10-04T18:15:59","slug":"ungesunde-verhaltensweisen","status":"publish","type":"page","link":"https:\/\/saprea.org\/de\/heilen\/ungesunde-verhaltensweisen\/","title":{"rendered":"H\u00e4ufige Symptome: Ungesunde Verhaltensweisen"},"content":{"rendered":"<div id=\"cs-content\" class=\"cs-content\"><\/div>\n","protected":false},"excerpt":{"rendered":"<p>Saprea &gt; Online-Ressourcen zum Heilen\u00a0&gt;H\u00e4ufige Symptome: Ungesunde VerhaltensweisenH\u00e4ufige Symptome:Ungesunde VerhaltensweisenH\u00e4ufige Symptome:Ungesunde VerhaltensweisenWas beeinflusst unser Verhalten?Viele Betroffene sexuellen Kindesmissbrauchs sind verwirrt, frustriert oder sch\u00e4men sich f\u00fcr bestimmte Verhaltensweisen, die sie an den Tag legen. Sie k\u00f6nnen das Gef\u00fchl haben, dass sie keine Kontrolle \u00fcber bestimmte Verhaltensweisen haben oder dass sie bestimmtes Verhalten nicht \u00e4ndern k\u00f6nnen, auch [&hellip;]<\/p>\n","protected":false},"author":2,"featured_media":12413,"parent":13051,"menu_order":0,"comment_status":"closed","ping_status":"closed","template":"","meta":{"footnotes":""},"class_list":["post-12691","page","type-page","status-publish","has-post-thumbnail","hentry"],"yoast_head":"<!-- This site is optimized with the Yoast SEO plugin v27.3 - https:\/\/yoast.com\/product\/yoast-seo-wordpress\/ -->\n<title>Ungesunde Verhaltensweisen | Saprea<\/title>\n<meta name=\"description\" content=\"Ungesunde Verhaltensweisen wie \u00fcberm\u00e4\u00dfiges Schlafen, Essen oder Fernsehen werden einfach zur Gewohnheit, da sie unsere \u201esicheren\u201c Erinnerungen darstellen.\" \/>\n<meta name=\"robots\" content=\"index, follow, max-snippet:-1, max-image-preview:large, max-video-preview:-1\" \/>\n<link rel=\"canonical\" href=\"https:\/\/saprea.org\/de\/heilen\/ungesunde-verhaltensweisen\/\" \/>\n<meta property=\"og:locale\" content=\"de_DE\" \/>\n<meta property=\"og:type\" content=\"article\" \/>\n<meta property=\"og:title\" content=\"Ungesunde Verhaltensweisen | Saprea\" \/>\n<meta property=\"og:description\" content=\"Ungesunde Verhaltensweisen wie \u00fcberm\u00e4\u00dfiges Schlafen, Essen oder Fernsehen werden einfach zur Gewohnheit, da sie unsere \u201esicheren\u201c Erinnerungen darstellen.\" \/>\n<meta property=\"og:url\" content=\"https:\/\/saprea.org\/de\/heilen\/ungesunde-verhaltensweisen\/\" \/>\n<meta property=\"og:site_name\" content=\"Saprea\" \/>\n<meta property=\"article:publisher\" content=\"https:\/\/facebook.com\/saprea.org\" \/>\n<meta property=\"article:modified_time\" content=\"2023-10-04T18:15:59+00:00\" \/>\n<meta property=\"og:image\" content=\"https:\/\/saprea.org\/wp-content\/uploads\/2023\/08\/unhealthy-behaviors.png\" \/>\n\t<meta property=\"og:image:width\" content=\"2200\" \/>\n\t<meta property=\"og:image:height\" content=\"2200\" \/>\n\t<meta property=\"og:image:type\" content=\"image\/png\" \/>\n<meta name=\"twitter:card\" content=\"summary_large_image\" \/>\n<meta name=\"twitter:site\" content=\"@saprea_org\" \/>\n<meta name=\"twitter:label1\" content=\"Gesch\u00e4tzte Lesezeit\" \/>\n\t<meta name=\"twitter:data1\" content=\"7\u00a0Minuten\" \/>\n<script type=\"application\/ld+json\" class=\"yoast-schema-graph\">{\"@context\":\"https:\\\/\\\/schema.org\",\"@graph\":[{\"@type\":\"WebPage\",\"@id\":\"https:\\\/\\\/saprea.org\\\/de\\\/heilen\\\/ungesunde-verhaltensweisen\\\/\",\"url\":\"https:\\\/\\\/saprea.org\\\/de\\\/heilen\\\/ungesunde-verhaltensweisen\\\/\",\"name\":\"Ungesunde Verhaltensweisen | Saprea\",\"isPartOf\":{\"@id\":\"https:\\\/\\\/saprea.org\\\/de\\\/#website\"},\"primaryImageOfPage\":{\"@id\":\"https:\\\/\\\/saprea.org\\\/de\\\/heilen\\\/ungesunde-verhaltensweisen\\\/#primaryimage\"},\"image\":{\"@id\":\"https:\\\/\\\/saprea.org\\\/de\\\/heilen\\\/ungesunde-verhaltensweisen\\\/#primaryimage\"},\"thumbnailUrl\":\"https:\\\/\\\/saprea.org\\\/wp-content\\\/uploads\\\/2023\\\/08\\\/unhealthy-behaviors.png\",\"datePublished\":\"2023-09-15T13:34:56+00:00\",\"dateModified\":\"2023-10-04T18:15:59+00:00\",\"description\":\"Ungesunde Verhaltensweisen wie \u00fcberm\u00e4\u00dfiges Schlafen, Essen oder Fernsehen werden einfach zur Gewohnheit, da sie unsere \u201esicheren\u201c Erinnerungen darstellen.\",\"breadcrumb\":{\"@id\":\"https:\\\/\\\/saprea.org\\\/de\\\/heilen\\\/ungesunde-verhaltensweisen\\\/#breadcrumb\"},\"inLanguage\":\"de\",\"potentialAction\":[{\"@type\":\"ReadAction\",\"target\":[\"https:\\\/\\\/saprea.org\\\/de\\\/heilen\\\/ungesunde-verhaltensweisen\\\/\"]}]},{\"@type\":\"ImageObject\",\"inLanguage\":\"de\",\"@id\":\"https:\\\/\\\/saprea.org\\\/de\\\/heilen\\\/ungesunde-verhaltensweisen\\\/#primaryimage\",\"url\":\"https:\\\/\\\/saprea.org\\\/wp-content\\\/uploads\\\/2023\\\/08\\\/unhealthy-behaviors.png\",\"contentUrl\":\"https:\\\/\\\/saprea.org\\\/wp-content\\\/uploads\\\/2023\\\/08\\\/unhealthy-behaviors.png\",\"width\":2200,\"height\":2200},{\"@type\":\"BreadcrumbList\",\"@id\":\"https:\\\/\\\/saprea.org\\\/de\\\/heilen\\\/ungesunde-verhaltensweisen\\\/#breadcrumb\",\"itemListElement\":[{\"@type\":\"ListItem\",\"position\":1,\"name\":\"Home\",\"item\":\"https:\\\/\\\/saprea.org\\\/de\\\/saprea-homepage\\\/\"},{\"@type\":\"ListItem\",\"position\":2,\"name\":\"Die Bew\u00e4ltigung von sexuellem Kindesmissbrauch\",\"item\":\"https:\\\/\\\/saprea.org\\\/de\\\/heilen\\\/\"},{\"@type\":\"ListItem\",\"position\":3,\"name\":\"H\u00e4ufige Symptome: Ungesunde Verhaltensweisen\"}]},{\"@type\":\"WebSite\",\"@id\":\"https:\\\/\\\/saprea.org\\\/de\\\/#website\",\"url\":\"https:\\\/\\\/saprea.org\\\/de\\\/\",\"name\":\"Saprea\",\"description\":\"\",\"publisher\":{\"@id\":\"https:\\\/\\\/saprea.org\\\/de\\\/#organization\"},\"potentialAction\":[{\"@type\":\"SearchAction\",\"target\":{\"@type\":\"EntryPoint\",\"urlTemplate\":\"https:\\\/\\\/saprea.org\\\/de\\\/?s={search_term_string}\"},\"query-input\":{\"@type\":\"PropertyValueSpecification\",\"valueRequired\":true,\"valueName\":\"search_term_string\"}}],\"inLanguage\":\"de\"},{\"@type\":\"Organization\",\"@id\":\"https:\\\/\\\/saprea.org\\\/de\\\/#organization\",\"name\":\"Saprea\",\"url\":\"https:\\\/\\\/saprea.org\\\/de\\\/\",\"logo\":{\"@type\":\"ImageObject\",\"inLanguage\":\"de\",\"@id\":\"https:\\\/\\\/saprea.org\\\/de\\\/#\\\/schema\\\/logo\\\/image\\\/\",\"url\":\"https:\\\/\\\/saprea.org\\\/wp-content\\\/uploads\\\/2021\\\/12\\\/Vector-7-1.png\",\"contentUrl\":\"https:\\\/\\\/saprea.org\\\/wp-content\\\/uploads\\\/2021\\\/12\\\/Vector-7-1.png\",\"width\":106,\"height\":105,\"caption\":\"Saprea\"},\"image\":{\"@id\":\"https:\\\/\\\/saprea.org\\\/de\\\/#\\\/schema\\\/logo\\\/image\\\/\"},\"sameAs\":[\"https:\\\/\\\/facebook.com\\\/saprea.org\",\"https:\\\/\\\/x.com\\\/saprea_org\",\"https:\\\/\\\/instagram.com\\\/youniquefoundation\",\"https:\\\/\\\/pinterest.com\\\/saprea_org\",\"https:\\\/\\\/youtube.com\\\/c\\\/saprea_org\"]}]}<\/script>\n<!-- \/ Yoast SEO plugin. -->","yoast_head_json":{"title":"Ungesunde Verhaltensweisen | Saprea","description":"Ungesunde Verhaltensweisen wie \u00fcberm\u00e4\u00dfiges Schlafen, Essen oder Fernsehen werden einfach zur Gewohnheit, da sie unsere \u201esicheren\u201c Erinnerungen darstellen.","robots":{"index":"index","follow":"follow","max-snippet":"max-snippet:-1","max-image-preview":"max-image-preview:large","max-video-preview":"max-video-preview:-1"},"canonical":"https:\/\/saprea.org\/de\/heilen\/ungesunde-verhaltensweisen\/","og_locale":"de_DE","og_type":"article","og_title":"Ungesunde Verhaltensweisen | Saprea","og_description":"Ungesunde Verhaltensweisen wie \u00fcberm\u00e4\u00dfiges Schlafen, Essen oder Fernsehen werden einfach zur Gewohnheit, da sie unsere \u201esicheren\u201c Erinnerungen darstellen.","og_url":"https:\/\/saprea.org\/de\/heilen\/ungesunde-verhaltensweisen\/","og_site_name":"Saprea","article_publisher":"https:\/\/facebook.com\/saprea.org","article_modified_time":"2023-10-04T18:15:59+00:00","og_image":[{"width":2200,"height":2200,"url":"https:\/\/saprea.org\/wp-content\/uploads\/2023\/08\/unhealthy-behaviors.png","type":"image\/png"}],"twitter_card":"summary_large_image","twitter_site":"@saprea_org","twitter_misc":{"Gesch\u00e4tzte Lesezeit":"7\u00a0Minuten"},"schema":{"@context":"https:\/\/schema.org","@graph":[{"@type":"WebPage","@id":"https:\/\/saprea.org\/de\/heilen\/ungesunde-verhaltensweisen\/","url":"https:\/\/saprea.org\/de\/heilen\/ungesunde-verhaltensweisen\/","name":"Ungesunde Verhaltensweisen | Saprea","isPartOf":{"@id":"https:\/\/saprea.org\/de\/#website"},"primaryImageOfPage":{"@id":"https:\/\/saprea.org\/de\/heilen\/ungesunde-verhaltensweisen\/#primaryimage"},"image":{"@id":"https:\/\/saprea.org\/de\/heilen\/ungesunde-verhaltensweisen\/#primaryimage"},"thumbnailUrl":"https:\/\/saprea.org\/wp-content\/uploads\/2023\/08\/unhealthy-behaviors.png","datePublished":"2023-09-15T13:34:56+00:00","dateModified":"2023-10-04T18:15:59+00:00","description":"Ungesunde Verhaltensweisen wie \u00fcberm\u00e4\u00dfiges Schlafen, Essen oder Fernsehen werden einfach zur Gewohnheit, da sie unsere \u201esicheren\u201c Erinnerungen darstellen.","breadcrumb":{"@id":"https:\/\/saprea.org\/de\/heilen\/ungesunde-verhaltensweisen\/#breadcrumb"},"inLanguage":"de","potentialAction":[{"@type":"ReadAction","target":["https:\/\/saprea.org\/de\/heilen\/ungesunde-verhaltensweisen\/"]}]},{"@type":"ImageObject","inLanguage":"de","@id":"https:\/\/saprea.org\/de\/heilen\/ungesunde-verhaltensweisen\/#primaryimage","url":"https:\/\/saprea.org\/wp-content\/uploads\/2023\/08\/unhealthy-behaviors.png","contentUrl":"https:\/\/saprea.org\/wp-content\/uploads\/2023\/08\/unhealthy-behaviors.png","width":2200,"height":2200},{"@type":"BreadcrumbList","@id":"https:\/\/saprea.org\/de\/heilen\/ungesunde-verhaltensweisen\/#breadcrumb","itemListElement":[{"@type":"ListItem","position":1,"name":"Home","item":"https:\/\/saprea.org\/de\/saprea-homepage\/"},{"@type":"ListItem","position":2,"name":"Die Bew\u00e4ltigung von sexuellem Kindesmissbrauch","item":"https:\/\/saprea.org\/de\/heilen\/"},{"@type":"ListItem","position":3,"name":"H\u00e4ufige Symptome: Ungesunde Verhaltensweisen"}]},{"@type":"WebSite","@id":"https:\/\/saprea.org\/de\/#website","url":"https:\/\/saprea.org\/de\/","name":"Saprea","description":"","publisher":{"@id":"https:\/\/saprea.org\/de\/#organization"},"potentialAction":[{"@type":"SearchAction","target":{"@type":"EntryPoint","urlTemplate":"https:\/\/saprea.org\/de\/?s={search_term_string}"},"query-input":{"@type":"PropertyValueSpecification","valueRequired":true,"valueName":"search_term_string"}}],"inLanguage":"de"},{"@type":"Organization","@id":"https:\/\/saprea.org\/de\/#organization","name":"Saprea","url":"https:\/\/saprea.org\/de\/","logo":{"@type":"ImageObject","inLanguage":"de","@id":"https:\/\/saprea.org\/de\/#\/schema\/logo\/image\/","url":"https:\/\/saprea.org\/wp-content\/uploads\/2021\/12\/Vector-7-1.png","contentUrl":"https:\/\/saprea.org\/wp-content\/uploads\/2021\/12\/Vector-7-1.png","width":106,"height":105,"caption":"Saprea"},"image":{"@id":"https:\/\/saprea.org\/de\/#\/schema\/logo\/image\/"},"sameAs":["https:\/\/facebook.com\/saprea.org","https:\/\/x.com\/saprea_org","https:\/\/instagram.com\/youniquefoundation","https:\/\/pinterest.com\/saprea_org","https:\/\/youtube.com\/c\/saprea_org"]}]}},"_links":{"self":[{"href":"https:\/\/saprea.org\/de\/wp-json\/wp\/v2\/pages\/12691","targetHints":{"allow":["GET"]}}],"collection":[{"href":"https:\/\/saprea.org\/de\/wp-json\/wp\/v2\/pages"}],"about":[{"href":"https:\/\/saprea.org\/de\/wp-json\/wp\/v2\/types\/page"}],"author":[{"embeddable":true,"href":"https:\/\/saprea.org\/de\/wp-json\/wp\/v2\/users\/2"}],"replies":[{"embeddable":true,"href":"https:\/\/saprea.org\/de\/wp-json\/wp\/v2\/comments?post=12691"}],"version-history":[{"count":0,"href":"https:\/\/saprea.org\/de\/wp-json\/wp\/v2\/pages\/12691\/revisions"}],"up":[{"embeddable":true,"href":"https:\/\/saprea.org\/de\/wp-json\/wp\/v2\/pages\/13051"}],"wp:featuredmedia":[{"embeddable":true,"href":"https:\/\/saprea.org\/de\/wp-json\/wp\/v2\/media\/12413"}],"wp:attachment":[{"href":"https:\/\/saprea.org\/de\/wp-json\/wp\/v2\/media?parent=12691"}],"curies":[{"name":"wp","href":"https:\/\/api.w.org\/{rel}","templated":true}]}}